{"id":50501,"date":"2024-04-30T15:12:37","date_gmt":"2024-04-30T15:12:37","guid":{"rendered":"https:\/\/decabaturisme.com\/privacitat\/"},"modified":"2024-12-21T18:14:26","modified_gmt":"2024-12-21T18:14:26","slug":"privacidad","status":"publish","type":"page","link":"https:\/\/decabaturisme.com\/es\/privacidad\/","title":{"rendered":"Pol\u00edtica de Privacidad"},"content":{"rendered":"\n\t<section class=\"section\" id=\"section_420680463\">\n\t\t<div class=\"section-bg fill\" >\n\t\t\t\t\t\t\t\t\t\n\t\t\t\n\n\t\t<\/div>\n\n\t\t\n\n\t\t<div class=\"section-content relative\">\n\t\t\t\n<div class=\"row\"  id=\"row-1248182133\">\n\n\t<div id=\"col-921373165\" class=\"col small-12 large-12\"  >\n\t\t\t\t<div class=\"col-inner\"  >\n\t\t\t\n\t\t\t\n<div class=\"global_content_wrapper page_default \">\n<article id=\"post-526\" class=\"post-526 page type-page status-publish hentry\">\n<div class=\"entry-content\">\n<div class=\"content_wrapper\">\n<div id=\"row-245946007\" class=\"row\">\n<div id=\"col-510416353\" class=\"col small-12 large-12\">\n<div class=\"col-inner\">\n<h2>Pol\u00edtica de Privacidad<\/h2>\n<\/div>\n<\/div>\n<\/div>\n<p>En <strong><em>DECABA TURISME <\/em><\/strong>trabajamos para garantizar la privacidad en el tratamiento de los datos personales. Hemos actualizado nuestra Pol\u00edtica de Privacidad para informar claramente de c\u00f3mo recabamos, utilizamos y custodiamos los datos de las personas que contactan con nuestra empresa:<\/p>\n<p>1.\u2013\u00a0<a href=\"#1\">Responsable del tratamiento<\/a><\/p>\n<p>2.\u2013\u00a0<a href=\"#2\">Finalidades del tratamiento de datos<\/a><\/p>\n<p>3.\u2013\u00a0<a href=\"#3\">Plazo de conservaci\u00f3n de datos<\/a><\/p>\n<p>4.\u2013\u00a0<a href=\"#4\">Legitimaci\u00f3n para el tratamiento de datos<\/a><\/p>\n<p>5.\u2013\u00a0<a href=\"#5\">Comunicaci\u00f3n de datos<\/a><\/p>\n<p>6.\u2013\u00a0<a href=\"#6\">Transferencias internacionales de datos<\/a><\/p>\n<p>7.\u2013\u00a0<a href=\"#7\">Derechos<\/a><\/p>\n<p>8.\u2013\u00a0<a href=\"#8\">Obtenci\u00f3n de Datos<\/a><\/p>\n<p>9.\u2013\u00a0<a href=\"#9\">Pol\u00edtica de Cookies<\/a><\/p>\n<p id=\"1\">1. RESPONSABLE<\/p>\n<p><strong>\u00bfQui\u00e9n es el Responsable del tratamiento de sus datos?<\/strong><\/p>\n<p>\u2013 Raz\u00f3n social: DECABA TURISME SL<br \/>\n\u2013 CIF: B55013122<br \/>\n\u2013 Direcci\u00f3n postal: LLAD\u00d3, 40, 1\u00ba2\u00aa 17210 CALELLA DE PALAFRUGELL (Girona)<br \/>\n\u2013 Tel\u00e9fono: 608\u00a058\u00a034\u00a006<br \/>\n\u2013 Correo electr\u00f3nico: info@decaba.com<\/p>\n<p id=\"2\">2.\u00a0FINALIDADES<\/p>\n<p><strong>\u00bfCon qu\u00e9 finalidad tratamos sus datos personales?<\/strong><\/p>\n<p>En cumplimiento de lo dispuesto en el Reglamento Europeo 2016\/679 General de Protecci\u00f3n de Datos , le informamos de que en <strong><em>DECABA TURISME <\/em><\/strong>tratamos datos de contacto profesional con las siguientes finalidades, en funci\u00f3n del motivo por el que nos los hayan facilitado:<\/p>\n<p>1. Gestionar datos facilitados directamente por el propio interesado a trav\u00e9s del correo electr\u00f3nico o de\u00a0nuestro\u00a0<a href=\"\/es\/contacto\/\" target=\"_blank\" rel=\"noreferrer noopener\">formulario de contacto<\/a>, tanto a nivel particular como profesional para informarte de nuestros productos y servicios, dar respuesta a tu solicitud, petici\u00f3n o consulta y hacer un seguimiento posterior.<\/p>\n<p>2. Gestionar los datos proporcionados por el cliente en el momento de contratar nuestros servicios, a nivel organizativo, contable, fiscal y administrativo, as\u00ed como para informarle sobre servicios, eventos y noticias relacionadas con nuestra actividad profesional que puedan ser de su inter\u00e9s.<\/p>\n<p>3. Crearle\u00a0una cuenta de usuario en el momento de publicar su primera valoraci\u00f3n de un alojamiento de alquiler de temporada. De esta manera, si en el momento de publicar\u00a0su primera valoraci\u00f3n no es un usuario registrado, autom\u00e1ticamente le crearemos una cuenta y le enviaremos un email de confirmaci\u00f3n.<\/p>\n<p>4. Mejorar los servicios que utilice mediante el estudio de su comportamiento como usuario para adaptarlo a sus necesidades y gustos. Puede gestionar sus cookies siguiendo las instrucciones indicadas en nuestra\u00a0<a href=\"\/es\/cookies\/\" target=\"_blank\" rel=\"noreferrer noopener nofollow\">pol\u00edtica de cookies<\/a>.<\/p>\n<p>5. Cesi\u00f3n de datos a organismos y autoridades p\u00fablicas, siempre y cuando sean requeridos de conformidad con las disposiciones legales y reglamentarias.<\/p>\n<p id=\"3\">3.\u00a0PLAZO DE CONSERVACI\u00d3N DE LOS DATOS<\/p>\n<p><strong>\u00bfPor cu\u00e1nto tiempo conservaremos sus datos?<\/strong><\/p>\n<p>Sus datos ser\u00e1n conservados mientras dure la relaci\u00f3n contractual y comercial con nosotros, hasta el momento en que solicite su supresi\u00f3n, as\u00ed como el tiempo necesario para cumplir las obligaciones legales.<\/p>\n<p id=\"4\">4.\u00a0LEGITIMACI\u00d3N<\/p>\n<p><strong>\u00bfCu\u00e1l es la legitimaci\u00f3n para el tratamiento de sus datos?<\/strong><\/p>\n<p>La base legal para el tratamiento de sus datos radica en:<\/p>\n<p>\u2013 La ejecuci\u00f3n contractual de la prestaci\u00f3n del servicio correspondiente en relaci\u00f3n con la finalidad indicada en el apartado 1 anterior, esto es, la gesti\u00f3n de nuestros servicios.<\/p>\n<p>\u2013 El consentimiento del usuario en relaci\u00f3n con las finalidades indicadas en el apartado 3 anterior.<\/p>\n<p>\u2013 El inter\u00e9s leg\u00edtimo del responsable del tratamiento para las finalidades indicadas en\u00a0el apartado\u00a04 anterior. El inter\u00e9s leg\u00edtimo consiste en poder dar respuesta a las consultas relativas al servicio.<\/p>\n<p>\u2013 El cumplimiento de obligaciones legales aplicables a <strong><em>DECABA TURISME <\/em><\/strong>para la finalidad indicada en el apartado 5.<\/p>\n<p>&nbsp;<\/p>\n<p id=\"5\">5.\u00a0DESTINATARIOS<\/p>\n<p><strong>\u00bfA qu\u00e9 destinatarios se comunicar\u00e1n sus datos?<\/strong><\/p>\n<p>Sus datos personales ser\u00e1n comunicados a terceros en los siguientes supuestos:<\/p>\n<p>\u2013 Sus datos personales podr\u00e1n ser accedidos por aquellos proveedores que prestan servicios a <strong><em>DECABA TURISME<\/em><\/strong>, tales como servicios de gestor\u00eda, entidades financieras a trav\u00e9s de las que se articule la gesti\u00f3n de cobros y pagos, o servicios de alojamiento de contenido. Se han suscrito los correspondientes contratos de encargo de tratamiento con cada uno de los proveedores que prestan servicios a <strong><em>DECABA TURISME.<\/em><\/strong><\/p>\n<p>\u2013 Sus datos personales tambi\u00e9n podr\u00e1n ser cedidos a las autoridades competentes en los casos que exista una obligaci\u00f3n legal.<\/p>\n<p>&nbsp;<\/p>\n<p id=\"6\">6. TRANSFERENCIAS INTERNACIONALES DE DATOS<\/p>\n<p><strong>\u00bfSe transfieren datos a terceros pa\u00edses?<\/strong><\/p>\n<p>No se realizan transferencias internacionales de datos.<\/p>\n<p>&nbsp;<\/p>\n<p id=\"7\">7.\u00a0DERECHOS<\/p>\n<p><strong>\u00bfCu\u00e1les son sus derechos cuando nos facilita sus datos y c\u00f3mo puede ejercerlos?<\/strong><\/p>\n<p>Tiene derecho a obtener confirmaci\u00f3n sobre si en <strong><em>DECABA TURISME <\/em><\/strong>estamos tratando datos personales que le conciernan, o no.<\/p>\n<p>Asimismo, tienes derecho a acceder a sus datos personales, as\u00ed como a solicitar la rectificaci\u00f3n de los datos inexactos o, en su caso, solicitar su supresi\u00f3n cuando, entre otros motivos, los datos ya no sean necesarios para los fines que fueron recogidos.<\/p>\n<p>En determinadas circunstancias, podr\u00e1 solicitar la limitaci\u00f3n del tratamiento de sus datos, en cuyo caso \u00fanicamente los conservaremos para el ejercicio o la defensa de reclamaciones.<\/p>\n<p>Adicionalmente, en determinadas circunstancias y por motivos relacionados con su situaci\u00f3n particular, podr\u00e1 oponerse al tratamiento de sus datos.\u00a0 En tal caso, <strong><em>DECABA TURISME <\/em><\/strong>dejar\u00e1 de tratar sus datos, salvo por motivos leg\u00edtimos imperiosos, o el ejercicio o la defensa de posibles reclamaciones.<\/p>\n<p>Asimismo, puede ejercer el derecho a la portabilidad de los datos, as\u00ed como retirar los consentimientos facilitados en cualquier momento, sin que ello afecte a la licitud del tratamiento basado en el consentimiento previo a su retirada.<\/p>\n<p>Si desea hacer uso de cualquiera de sus derechos puede dirigirse a nosotros mediante los correos electr\u00f3nicos indicados en el apartado 1 o a trav\u00e9s de los enlaces habilitados que encontrar\u00e1 en los correos electr\u00f3nicos y comunicaciones de <strong><em>DECABA TURISME.<\/em><\/strong><\/p>\n<p>Alternativamente, tambi\u00e9n puede dirigirse a nosotros mediante correo postal en la siguiente direcci\u00f3n: <strong><em>DECABA TURISME<\/em><\/strong><em><strong>, LLAD\u00d3, 40, 1\u00ba2\u00aa 17210 CALELLA DE PALAFRUGELL (Girona)<\/strong><\/em>, indicando en el sobre \u201cprotecci\u00f3n de Datos\u201d. Recuerde facilitar la mayor informaci\u00f3n posible sobre su solicitud: Nombre y apellidos, direcci\u00f3n de correo electr\u00f3nico, copia DNI, pasaporte o tarjeta de residencia, y objeto de su solicitud..<\/p>\n<p>Por \u00faltimo, le informamos que puede dirigirse ante la Agencia Espa\u00f1ola de Protecci\u00f3n de Datos y dem\u00e1s organismos p\u00fablicos competentes para cualquier reclamaci\u00f3n derivada del tratamiento de sus datos personales.<\/p>\n<p id=\"8\">8. OBTENCI\u00d3N DE DATOS<\/p>\n<p><strong>\u00bfC\u00f3mo hemos obtenido sus datos?<\/strong><\/p>\n<p>\u2013 Los datos personales que tratamos en <strong><em>DECABA TURISME <\/em><\/strong>proceden de los propios interesados o su Representante legal.<\/p>\n<p>\u2013 Le recordamos que no debe facilitar datos de terceros salvo que se tenga autorizaci\u00f3n de \u00e9stos y les haya informado previamente.<\/p>\n<p>\u2013 No se tratan categor\u00edas especiales de datos personales (son aquellos datos que revelan el origen \u00e9tnico o racial, las opiniones pol\u00edticas, las convicciones religiosas o filos\u00f3ficas, o la afiliaci\u00f3n sindical, datos gen\u00e9ticos, datos biom\u00e9tricos dirigidos a identificar de manera un\u00edvoca a una persona f\u00edsica, datos relativos a la salud o datos relativos a la vida sexual o cu\u00e1l es la orientaci\u00f3n sexual de una persona f\u00edsica).<\/p>\n<p id=\"9\">9.\u00a0POL\u00cdTICA DE COOKIES<\/p>\n<p><strong>\u00bfQu\u00e9 cookies utilizamos?<\/strong><\/p>\n<p>Para conocer las cookies que utilizamos en esta p\u00e1gina web\/aplicaci\u00f3n m\u00f3vil, le recordamos que puede acceder a nuestra Pol\u00edtica de Cookies a trav\u00e9s del siguiente enlace:\u00a0<a href=\"\/es\/cookies\/\" target=\"_blank\" rel=\"noreferrer noopener nofollow\">pol\u00edtica de cookies<\/a>.<\/p>\n<\/div>\n<\/div>\n<\/article>\n<\/div>\n\t\t<\/div>\n\t\t\t\t\t<\/div>\n\n\t\n<\/div>\n\t\t<\/div>\n\n\t\t\n<style>\n#section_420680463 {\n  padding-top: 30px;\n  padding-bottom: 30px;\n}\n<\/style>\n\t<\/section>\n\t\n","protected":false},"excerpt":{"rendered":"","protected":false},"author":1,"featured_media":0,"parent":0,"menu_order":0,"comment_status":"closed","ping_status":"closed","template":"","meta":{"footnotes":""},"class_list":["post-50501","page","type-page","status-publish","hentry"],"_links":{"self":[{"href":"https:\/\/decabaturisme.com\/es\/wp-json\/wp\/v2\/pages\/50501"}],"collection":[{"href":"https:\/\/decabaturisme.com\/es\/wp-json\/wp\/v2\/pages"}],"about":[{"href":"https:\/\/decabaturisme.com\/es\/wp-json\/wp\/v2\/types\/page"}],"author":[{"embeddable":true,"href":"https:\/\/decabaturisme.com\/es\/wp-json\/wp\/v2\/users\/1"}],"replies":[{"embeddable":true,"href":"https:\/\/decabaturisme.com\/es\/wp-json\/wp\/v2\/comments?post=50501"}],"version-history":[{"count":4,"href":"https:\/\/decabaturisme.com\/es\/wp-json\/wp\/v2\/pages\/50501\/revisions"}],"predecessor-version":[{"id":50502,"href":"https:\/\/decabaturisme.com\/es\/wp-json\/wp\/v2\/pages\/50501\/revisions\/50502"}],"wp:attachment":[{"href":"https:\/\/decabaturisme.com\/es\/wp-json\/wp\/v2\/media?parent=50501"}],"curies":[{"name":"wp","href":"https:\/\/api.w.org\/{rel}","templated":true}]}}