{"id":52408,"date":"2024-10-09T11:24:25","date_gmt":"2024-10-09T11:24:25","guid":{"rendered":"https:\/\/decabaturisme.com\/dcb-projectes\/"},"modified":"2024-12-21T11:14:41","modified_gmt":"2024-12-21T11:14:41","slug":"proyectos","status":"publish","type":"page","link":"https:\/\/decabaturisme.com\/es\/proyectos\/","title":{"rendered":"Proyectos"},"content":{"rendered":"\n\t<section class=\"section\" id=\"section_768883109\">\n\t\t<div class=\"section-bg fill\" >\n\t\t\t\t\t\t\t\t\t\n\t\t\t\n\n\t\t<\/div>\n\n\t\t\n\n\t\t<div class=\"section-content relative\">\n\t\t\t\n<div class=\"row\"  id=\"row-1729859473\">\n\n\t<div id=\"col-1586489964\" class=\"col small-12 large-12\"  data-animate=\"fadeInRight\">\n\t\t\t\t<div class=\"col-inner\"  >\n\t\t\t\n\t\t\t\n<h1>PROYECTOS y COLABORACIONES<\/h1>\n<div class=\"is-divider divider clearfix\" style=\"max-width:50px;background-color:rgb(168, 10, 67);\"><\/div>\n\t\t<\/div>\n\t\t\t\t\n<style>\n#col-1586489964 > .col-inner {\n  padding: 25px 0px 0px 0px;\n}\n<\/style>\n\t<\/div>\n\n\t\n<\/div>\n\t\t<div id=\"ux-relay-218736722\" class=\"ux-relay ux-relay--load-more\" data-flatsome-relay=\"{&quot;postType&quot;:&quot;post&quot;,&quot;tag&quot;:&quot;blog_posts&quot;,&quot;atts&quot;:{&quot;style&quot;:&quot;normal&quot;,&quot;type&quot;:&quot;row&quot;,&quot;columns&quot;:&quot;3&quot;,&quot;columns__md&quot;:&quot;1&quot;,&quot;relay&quot;:&quot;load-more&quot;,&quot;relay_control_result_count&quot;:&quot;0&quot;,&quot;posts&quot;:&quot;6&quot;,&quot;title_style&quot;:&quot;uppercase&quot;,&quot;show_date&quot;:&quot;text&quot;,&quot;image_height&quot;:&quot;56.25%&quot;,&quot;image_radius&quot;:&quot;5&quot;,&quot;text_padding&quot;:&quot;20px 20px 20px 20px&quot;},&quot;currentPage&quot;:&quot;1&quot;,&quot;totalPages&quot;:5,&quot;totalPosts&quot;:29,&quot;postCount&quot;:6}\" >\n\t\t\n  \n    <div class=\"row large-columns-3 medium-columns-1 small-columns-1\" >\n  <div class=\"col post-item\" >\n\t\t\t<div class=\"col-inner\">\n\t\t\t\t<div class=\"box box-normal box-text-bottom box-blog-post has-hover\">\n            \t\t\t\t\t<div class=\"box-image\" style=\"border-radius:5%;\">\n  \t\t\t\t\t\t<div class=\"image-cover\" style=\"padding-top:56.25%;\">\n\t\t\t\t\t\t\t<a href=\"https:\/\/decabaturisme.com\/es\/creacion-guia-urbana-palafrugell\/\" class=\"plain\" aria-label=\"Creaci\u00f3n de la Gu\u00eda Urbana de Palafrugell\">\n\t\t\t\t\t\t\t\t<img loading=\"lazy\" decoding=\"async\" width=\"533\" height=\"400\" src=\"https:\/\/decabaturisme.com\/wp-content\/uploads\/2024\/11\/palafrugell-lores-533x400.jpg\" class=\"attachment-medium size-medium wp-post-image\" alt=\"Palafrugell\" srcset=\"https:\/\/decabaturisme.com\/wp-content\/uploads\/2024\/11\/palafrugell-lores-533x400.jpg 533w, https:\/\/decabaturisme.com\/wp-content\/uploads\/2024\/11\/palafrugell-lores-600x450.jpg 600w, https:\/\/decabaturisme.com\/wp-content\/uploads\/2024\/11\/palafrugell-lores.jpg 640w\" sizes=\"(max-width: 533px) 100vw, 533px\" \/>\t\t\t\t\t\t\t<\/a>\n  \t\t\t\t\t\t\t  \t\t\t\t\t\t\t  \t\t\t\t\t\t<\/div>\n  \t\t\t\t\t\t  \t\t\t\t\t<\/div>\n          \t\t\t\t\t<div class=\"box-text text-center\" style=\"padding:20px 20px 20px 20px;\">\n\t\t\t\t\t<div class=\"box-text-inner blog-post-inner\">\n\n\t\t\t\t\t\n\t\t\t\t\t\t\t\t\t\t<h5 class=\"post-title is-large uppercase\">\n\t\t\t\t\t\t<a href=\"https:\/\/decabaturisme.com\/es\/creacion-guia-urbana-palafrugell\/\" class=\"plain\">Creaci\u00f3n de la Gu\u00eda Urbana de Palafrugell<\/a>\n\t\t\t\t\t<\/h5>\n\t\t\t\t\t<div class=\"post-meta is-small op-8\">octubre 2024<\/div>\t\t\t\t\t<div class=\"is-divider\"><\/div>\n\t\t\t\t\t\t\t\t\t\t<p class=\"from_the_blog_excerpt \">\n\t\t\t\t\t\tElaboraci\u00f3n del inventario de datos para el desarrollo de la Gu\u00eda Urbana de Palafrugell, un [...]\t\t\t\t\t<\/p>\n\t\t\t\t\t                    \n\t\t\t\t\t\n\t\t\t\t\t\n\t\t\t\t\t<\/div>\n\t\t\t\t\t<\/div>\n\t\t\t\t\t\t\t\t\t<\/div>\n\t\t\t<\/div>\n\t\t<\/div><div class=\"col post-item\" >\n\t\t\t<div class=\"col-inner\">\n\t\t\t\t<div class=\"box box-normal box-text-bottom box-blog-post has-hover\">\n            \t\t\t\t\t<div class=\"box-image\" style=\"border-radius:5%;\">\n  \t\t\t\t\t\t<div class=\"image-cover\" style=\"padding-top:56.25%;\">\n\t\t\t\t\t\t\t<a href=\"https:\/\/decabaturisme.com\/es\/plan-accion-turistica-pallars-sobira\/\" class=\"plain\" aria-label=\"Plan de Acci\u00f3n Tur\u00edstica del Pallars Sobir\u00e0\">\n\t\t\t\t\t\t\t\t<img loading=\"lazy\" decoding=\"async\" width=\"600\" height=\"400\" src=\"https:\/\/decabaturisme.com\/wp-content\/uploads\/2024\/10\/pallars-sobira-600x400.jpg\" class=\"attachment-medium size-medium wp-post-image\" alt=\"\" srcset=\"https:\/\/decabaturisme.com\/wp-content\/uploads\/2024\/10\/pallars-sobira-600x400.jpg 600w, https:\/\/decabaturisme.com\/wp-content\/uploads\/2024\/10\/pallars-sobira-300x200.jpg 300w, https:\/\/decabaturisme.com\/wp-content\/uploads\/2024\/10\/pallars-sobira.jpg 720w\" sizes=\"(max-width: 600px) 100vw, 600px\" \/>\t\t\t\t\t\t\t<\/a>\n  \t\t\t\t\t\t\t  \t\t\t\t\t\t\t  \t\t\t\t\t\t<\/div>\n  \t\t\t\t\t\t  \t\t\t\t\t<\/div>\n          \t\t\t\t\t<div class=\"box-text text-center\" style=\"padding:20px 20px 20px 20px;\">\n\t\t\t\t\t<div class=\"box-text-inner blog-post-inner\">\n\n\t\t\t\t\t\n\t\t\t\t\t\t\t\t\t\t<h5 class=\"post-title is-large uppercase\">\n\t\t\t\t\t\t<a href=\"https:\/\/decabaturisme.com\/es\/plan-accion-turistica-pallars-sobira\/\" class=\"plain\">Plan de Acci\u00f3n Tur\u00edstica del Pallars Sobir\u00e0<\/a>\n\t\t\t\t\t<\/h5>\n\t\t\t\t\t<div class=\"post-meta is-small op-8\">octubre 2024<\/div>\t\t\t\t\t<div class=\"is-divider\"><\/div>\n\t\t\t\t\t\t\t\t\t\t<p class=\"from_the_blog_excerpt \">\n\t\t\t\t\t\tDefinici\u00f3n de la estrategia tur\u00edstica de la comarca y las acciones a desarrollar, buscando la [...]\t\t\t\t\t<\/p>\n\t\t\t\t\t                    \n\t\t\t\t\t\n\t\t\t\t\t\n\t\t\t\t\t<\/div>\n\t\t\t\t\t<\/div>\n\t\t\t\t\t\t\t\t\t<\/div>\n\t\t\t<\/div>\n\t\t<\/div><div class=\"col post-item\" >\n\t\t\t<div class=\"col-inner\">\n\t\t\t\t<div class=\"box box-normal box-text-bottom box-blog-post has-hover\">\n            \t\t\t\t\t<div class=\"box-image\" style=\"border-radius:5%;\">\n  \t\t\t\t\t\t<div class=\"image-cover\" style=\"padding-top:56.25%;\">\n\t\t\t\t\t\t\t<a href=\"https:\/\/decabaturisme.com\/es\/jornadas-cork-experience\/\" class=\"plain\" aria-label=\"Jornadas Cork Experience\">\n\t\t\t\t\t\t\t\t<img loading=\"lazy\" decoding=\"async\" width=\"640\" height=\"360\" src=\"https:\/\/decabaturisme.com\/wp-content\/uploads\/2023\/10\/Jornades-Cork-Experience-lowres.jpg\" class=\"attachment-medium size-medium wp-post-image\" alt=\"\" srcset=\"https:\/\/decabaturisme.com\/wp-content\/uploads\/2023\/10\/Jornades-Cork-Experience-lowres.jpg 640w, https:\/\/decabaturisme.com\/wp-content\/uploads\/2023\/10\/Jornades-Cork-Experience-lowres-600x338.jpg 600w\" sizes=\"(max-width: 640px) 100vw, 640px\" \/>\t\t\t\t\t\t\t<\/a>\n  \t\t\t\t\t\t\t  \t\t\t\t\t\t\t  \t\t\t\t\t\t<\/div>\n  \t\t\t\t\t\t  \t\t\t\t\t<\/div>\n          \t\t\t\t\t<div class=\"box-text text-center\" style=\"padding:20px 20px 20px 20px;\">\n\t\t\t\t\t<div class=\"box-text-inner blog-post-inner\">\n\n\t\t\t\t\t\n\t\t\t\t\t\t\t\t\t\t<h5 class=\"post-title is-large uppercase\">\n\t\t\t\t\t\t<a href=\"https:\/\/decabaturisme.com\/es\/jornadas-cork-experience\/\" class=\"plain\">Jornadas Cork Experience<\/a>\n\t\t\t\t\t<\/h5>\n\t\t\t\t\t<div class=\"post-meta is-small op-8\">octubre 2024<\/div>\t\t\t\t\t<div class=\"is-divider\"><\/div>\n\t\t\t\t\t\t\t\t\t\t<p class=\"from_the_blog_excerpt \">\n\t\t\t\t\t\tOrganizaci\u00f3n de las jornadas de sensibilizaci\u00f3n y networking Cork Experience de la red Retecork, en [...]\t\t\t\t\t<\/p>\n\t\t\t\t\t                    \n\t\t\t\t\t\n\t\t\t\t\t\n\t\t\t\t\t<\/div>\n\t\t\t\t\t<\/div>\n\t\t\t\t\t\t\t\t\t<\/div>\n\t\t\t<\/div>\n\t\t<\/div><div class=\"col post-item\" >\n\t\t\t<div class=\"col-inner\">\n\t\t\t\t<div class=\"box box-normal box-text-bottom box-blog-post has-hover\">\n            \t\t\t\t\t<div class=\"box-image\" style=\"border-radius:5%;\">\n  \t\t\t\t\t\t<div class=\"image-cover\" style=\"padding-top:56.25%;\">\n\t\t\t\t\t\t\t<a href=\"https:\/\/decabaturisme.com\/es\/creacion-manual-producto-cork-experience\/\" class=\"plain\" aria-label=\"Creaci\u00f3n del Manual de Producto \u201cCork Experience\u201d\">\n\t\t\t\t\t\t\t\t<img loading=\"lazy\" decoding=\"async\" width=\"640\" height=\"360\" src=\"https:\/\/decabaturisme.com\/wp-content\/uploads\/2024\/10\/Cork-Experience-lores.jpg\" class=\"attachment-medium size-medium wp-post-image\" alt=\"Cork Experience\" srcset=\"https:\/\/decabaturisme.com\/wp-content\/uploads\/2024\/10\/Cork-Experience-lores.jpg 640w, https:\/\/decabaturisme.com\/wp-content\/uploads\/2024\/10\/Cork-Experience-lores-600x338.jpg 600w\" sizes=\"(max-width: 640px) 100vw, 640px\" \/>\t\t\t\t\t\t\t<\/a>\n  \t\t\t\t\t\t\t  \t\t\t\t\t\t\t  \t\t\t\t\t\t<\/div>\n  \t\t\t\t\t\t  \t\t\t\t\t<\/div>\n          \t\t\t\t\t<div class=\"box-text text-center\" style=\"padding:20px 20px 20px 20px;\">\n\t\t\t\t\t<div class=\"box-text-inner blog-post-inner\">\n\n\t\t\t\t\t\n\t\t\t\t\t\t\t\t\t\t<h5 class=\"post-title is-large uppercase\">\n\t\t\t\t\t\t<a href=\"https:\/\/decabaturisme.com\/es\/creacion-manual-producto-cork-experience\/\" class=\"plain\">Creaci\u00f3n del Manual de Producto \u201cCork Experience\u201d<\/a>\n\t\t\t\t\t<\/h5>\n\t\t\t\t\t<div class=\"post-meta is-small op-8\">octubre 2024<\/div>\t\t\t\t\t<div class=\"is-divider\"><\/div>\n\t\t\t\t\t\t\t\t\t\t<p class=\"from_the_blog_excerpt \">\n\t\t\t\t\t\tRevisi\u00f3n del Manual de Creaci\u00f3n de Producto de la red Retecork junto con la redacci\u00f3n [...]\t\t\t\t\t<\/p>\n\t\t\t\t\t                    \n\t\t\t\t\t\n\t\t\t\t\t\n\t\t\t\t\t<\/div>\n\t\t\t\t\t<\/div>\n\t\t\t\t\t\t\t\t\t<\/div>\n\t\t\t<\/div>\n\t\t<\/div><div class=\"col post-item\" >\n\t\t\t<div class=\"col-inner\">\n\t\t\t\t<div class=\"box box-normal box-text-bottom box-blog-post has-hover\">\n            \t\t\t\t\t<div class=\"box-image\" style=\"border-radius:5%;\">\n  \t\t\t\t\t\t<div class=\"image-cover\" style=\"padding-top:56.25%;\">\n\t\t\t\t\t\t\t<a href=\"https:\/\/decabaturisme.com\/es\/secretaria-tecnica-proyecto-riunatur-diputacion-girona\/\" class=\"plain\" aria-label=\"Secretar\u00eda t\u00e9cnica proyecto Riunatur \u2013 Diputaci\u00f3n de Girona\">\n\t\t\t\t\t\t\t\t<img loading=\"lazy\" decoding=\"async\" width=\"500\" height=\"300\" src=\"https:\/\/decabaturisme.com\/wp-content\/uploads\/2024\/10\/logo-diputacio-girona500x300.jpg\" class=\"attachment-medium size-medium wp-post-image\" alt=\"Logo Diputaci\u00f3 de Girona\" \/>\t\t\t\t\t\t\t<\/a>\n  \t\t\t\t\t\t\t  \t\t\t\t\t\t\t  \t\t\t\t\t\t<\/div>\n  \t\t\t\t\t\t  \t\t\t\t\t<\/div>\n          \t\t\t\t\t<div class=\"box-text text-center\" style=\"padding:20px 20px 20px 20px;\">\n\t\t\t\t\t<div class=\"box-text-inner blog-post-inner\">\n\n\t\t\t\t\t\n\t\t\t\t\t\t\t\t\t\t<h5 class=\"post-title is-large uppercase\">\n\t\t\t\t\t\t<a href=\"https:\/\/decabaturisme.com\/es\/secretaria-tecnica-proyecto-riunatur-diputacion-girona\/\" class=\"plain\">Secretar\u00eda t\u00e9cnica proyecto Riunatur \u2013 Diputaci\u00f3n de Girona<\/a>\n\t\t\t\t\t<\/h5>\n\t\t\t\t\t<div class=\"post-meta is-small op-8\">octubre 2024<\/div>\t\t\t\t\t<div class=\"is-divider\"><\/div>\n\t\t\t\t\t\t\t\t\t\t<p class=\"from_the_blog_excerpt \">\n\t\t\t\t\t\tAcompa\u00f1amiento a la Diputaci\u00f3n de Girona para el desarrollo del proyecto Riunatur, que tiene por [...]\t\t\t\t\t<\/p>\n\t\t\t\t\t                    \n\t\t\t\t\t\n\t\t\t\t\t\n\t\t\t\t\t<\/div>\n\t\t\t\t\t<\/div>\n\t\t\t\t\t\t\t\t\t<\/div>\n\t\t\t<\/div>\n\t\t<\/div><div class=\"col post-item\" >\n\t\t\t<div class=\"col-inner\">\n\t\t\t\t<div class=\"box box-normal box-text-bottom box-blog-post has-hover\">\n            \t\t\t\t\t<div class=\"box-image\" style=\"border-radius:5%;\">\n  \t\t\t\t\t\t<div class=\"image-cover\" style=\"padding-top:56.25%;\">\n\t\t\t\t\t\t\t<a href=\"https:\/\/decabaturisme.com\/es\/plan-argentona\/\" class=\"plain\" aria-label=\"Plan Estrat\u00e9gico de Argentona\">\n\t\t\t\t\t\t\t\t<img loading=\"lazy\" decoding=\"async\" width=\"400\" height=\"400\" src=\"https:\/\/decabaturisme.com\/wp-content\/uploads\/2024\/09\/castell-burriac-argentona-Small-400x400.jpg\" class=\"attachment-medium size-medium wp-post-image\" alt=\"castell burriac argentona\" srcset=\"https:\/\/decabaturisme.com\/wp-content\/uploads\/2024\/09\/castell-burriac-argentona-Small-400x400.jpg 400w, https:\/\/decabaturisme.com\/wp-content\/uploads\/2024\/09\/castell-burriac-argentona-Small-280x280.jpg 280w, https:\/\/decabaturisme.com\/wp-content\/uploads\/2024\/09\/castell-burriac-argentona-Small-100x100.jpg 100w, https:\/\/decabaturisme.com\/wp-content\/uploads\/2024\/09\/castell-burriac-argentona-Small-300x300.jpg 300w, https:\/\/decabaturisme.com\/wp-content\/uploads\/2024\/09\/castell-burriac-argentona-Small.jpg 480w\" sizes=\"(max-width: 400px) 100vw, 400px\" \/>\t\t\t\t\t\t\t<\/a>\n  \t\t\t\t\t\t\t  \t\t\t\t\t\t\t  \t\t\t\t\t\t<\/div>\n  \t\t\t\t\t\t  \t\t\t\t\t<\/div>\n          \t\t\t\t\t<div class=\"box-text text-center\" style=\"padding:20px 20px 20px 20px;\">\n\t\t\t\t\t<div class=\"box-text-inner blog-post-inner\">\n\n\t\t\t\t\t\n\t\t\t\t\t\t\t\t\t\t<h5 class=\"post-title is-large uppercase\">\n\t\t\t\t\t\t<a href=\"https:\/\/decabaturisme.com\/es\/plan-argentona\/\" class=\"plain\">Plan Estrat\u00e9gico de Argentona<\/a>\n\t\t\t\t\t<\/h5>\n\t\t\t\t\t<div class=\"post-meta is-small op-8\">septiembre 2024<\/div>\t\t\t\t\t<div class=\"is-divider\"><\/div>\n\t\t\t\t\t\t\t\t\t\t<p class=\"from_the_blog_excerpt \">\n\t\t\t\t\t\tDefinici\u00f3n de la Estrategia Tur\u00edstica del municipio de Argentona de los pr\u00f3ximos a\u00f1os, por encargo [...]\t\t\t\t\t<\/p>\n\t\t\t\t\t                    \n\t\t\t\t\t\n\t\t\t\t\t\n\t\t\t\t\t<\/div>\n\t\t\t\t\t<\/div>\n\t\t\t\t\t\t\t\t\t<\/div>\n\t\t\t<\/div>\n\t\t<\/div><\/div>\t\t<div class=\"ux-relay__control ux-relay__control--bottom container pb-half text-center\">\n\t\t\t\t\t\t\t<button class=\"ux-relay__button ux-relay__load-more-button button primary mb-0\">\n\t\t\t\t\tVer m\u00e1s\t\t\t\t\t\t\t\t\t<\/button>\n\t\t\t\t\t\t<\/div>\n\t\t\t\t<\/div>\n\t\t\n\t<div id=\"gap-1125596550\" class=\"gap-element clearfix\" style=\"display:block; height:auto;\">\n\t\t\n<style>\n#gap-1125596550 {\n  padding-top: 30px;\n}\n<\/style>\n\t<\/div>\n\t\n\t\t<\/div>\n\n\t\t\n<style>\n#section_768883109 {\n  padding-top: 30px;\n  padding-bottom: 30px;\n  background-color: rgb(244, 244, 244);\n}\n<\/style>\n\t<\/section>\n\t\n","protected":false},"excerpt":{"rendered":"","protected":false},"author":1,"featured_media":0,"parent":0,"menu_order":0,"comment_status":"closed","ping_status":"closed","template":"","meta":{"footnotes":""},"class_list":["post-52408","page","type-page","status-publish","hentry"],"_links":{"self":[{"href":"https:\/\/decabaturisme.com\/es\/wp-json\/wp\/v2\/pages\/52408"}],"collection":[{"href":"https:\/\/decabaturisme.com\/es\/wp-json\/wp\/v2\/pages"}],"about":[{"href":"https:\/\/decabaturisme.com\/es\/wp-json\/wp\/v2\/types\/page"}],"author":[{"embeddable":true,"href":"https:\/\/decabaturisme.com\/es\/wp-json\/wp\/v2\/users\/1"}],"replies":[{"embeddable":true,"href":"https:\/\/decabaturisme.com\/es\/wp-json\/wp\/v2\/comments?post=52408"}],"version-history":[{"count":10,"href":"https:\/\/decabaturisme.com\/es\/wp-json\/wp\/v2\/pages\/52408\/revisions"}],"predecessor-version":[{"id":54037,"href":"https:\/\/decabaturisme.com\/es\/wp-json\/wp\/v2\/pages\/52408\/revisions\/54037"}],"wp:attachment":[{"href":"https:\/\/decabaturisme.com\/es\/wp-json\/wp\/v2\/media?parent=52408"}],"curies":[{"name":"wp","href":"https:\/\/api.w.org\/{rel}","templated":true}]}}