{"id":52412,"date":"2024-10-08T11:56:21","date_gmt":"2024-10-08T11:56:21","guid":{"rendered":"https:\/\/decabaturisme.com\/dcb-serveis\/estudis-mercat\/"},"modified":"2024-12-21T11:27:19","modified_gmt":"2024-12-21T11:27:19","slug":"estudios-mercado","status":"publish","type":"page","link":"https:\/\/decabaturisme.com\/es\/servicios\/estudios-mercado\/","title":{"rendered":"Estudios de mercado"},"content":{"rendered":"\n\t<section class=\"section\" id=\"section_1865160259\">\n\t\t<div class=\"section-bg fill\" >\n\t\t\t\t\t\t\t\t\t\n\t\t\t\n\n\t\t<\/div>\n\n\t\t\n\n\t\t<div class=\"section-content relative\">\n\t\t\t\n<div class=\"row align-center\"  id=\"row-325134496\">\n\n\t<div id=\"col-186206508\" class=\"col small-12 large-12\"  >\n\t\t\t\t<div class=\"col-inner\"  >\n\t\t\t\n\t\t\t\n<div class=\"nav-wrapper\"><ul class=\"nav nav-uppercase nav-horizontal nav-size-xsmall nav-outline text-center nav-center\"><p class=\"lead shortcode-error text-center\">Sorry, no pages was found<\/p><\/ul><\/div>\n\t<div id=\"gap-15010916\" class=\"gap-element clearfix\" style=\"display:block; height:auto;\">\n\t\t\n<style>\n#gap-15010916 {\n  padding-top: 50px;\n}\n<\/style>\n\t<\/div>\n\t\n<h1>ESTUDIOS DE MERCADO<\/h1>\n<div class=\"is-divider divider clearfix\" style=\"max-width:50px;background-color:rgb(168, 10, 67);\"><\/div>\n\t\t<\/div>\n\t\t\t\t\t<\/div>\n\n\t\n\n\t<div id=\"col-1085949026\" class=\"col small-12 large-12\"  data-animate=\"fadeInRight\">\n\t\t\t\t<div class=\"col-inner\"  >\n\t\t\t\n\t\t\t\n<h3>An\u00e1lisis del posicionamiento y del contexto<\/h3>\n\t\t<\/div>\n\t\t\t\t\t<\/div>\n\n\t\n<\/div>\n<div class=\"row align-middle align-center\"  id=\"row-1100101529\">\n\n\t<div id=\"col-655606663\" class=\"col medium-2 small-12 large-2\"  >\n\t\t\t\t<div class=\"col-inner\" style=\"background-color:rgb(255,255,255);\" >\n\t\t\t\n\t<div class=\"is-border\"\n\t\tstyle=\"border-width:2px 2px 2px 2px;\">\n\t<\/div>\n\t\t\t\n\t<div id=\"ux-lottie-2687339526\" class=\"ux-lottie\" >\n\t\t\t\t<lottie-player class=\"ux-lottie__player\" data-params=\"{&quot;src&quot;:&quot;https:\\\/\\\/decabaturisme.com\\\/wp-content\\\/uploads\\\/2024\\\/11\\\/lupa.json&quot;,&quot;loop&quot;:true,&quot;autoplay&quot;:false,&quot;controls&quot;:false,&quot;speed&quot;:&quot;1&quot;,&quot;direction&quot;:1,&quot;trigger&quot;:&quot;click&quot;,&quot;mouseout&quot;:&quot;&quot;,&quot;start&quot;:19,&quot;end&quot;:100,&quot;scrollActionType&quot;:&quot;seek&quot;,&quot;visibilityStart&quot;:0,&quot;visibilityEnd&quot;:100,&quot;id&quot;:&quot;ux-lottie-2687339526&quot;}\" ><\/lottie-player>\n\t\t\t\t\n<style>\n#ux-lottie-2687339526 {\n  width: 100%;\n  height: 125px;\n}\n<\/style>\n\t<\/div>\n\t\n\t\t<\/div>\n\t\t\t\t\t<\/div>\n\n\t\n\n\t<div id=\"col-848086742\" class=\"col medium-9 small-12 large-9\"  data-animate=\"fadeInLeft\">\n\t\t\t\t<div class=\"col-inner\"  >\n\t\t\t\n\t\t\t\n<p>Para posicionar adecuadamente los destinos y empresas en el sector tur\u00edstico, es esencial tener una visi\u00f3n clara de la situaci\u00f3n actual y de los objetivos futuros. En <span style=\"color: #a80a43;\"><em><strong>DECABA Turisme<\/strong><\/em><\/span>, desarrollamos <span style=\"color: #a80a43;\"><strong>estudios de diagn\u00f3stico y prospectiva<\/strong><\/span> que ayudan a entender el punto de partida de cada destino, <strong><span style=\"color: #a80a43;\">identificando oportunidades<\/span><\/strong> para <strong><span style=\"color: #a80a43;\">mejorar su posicionamiento<\/span><\/strong>.<\/p>\n\t\t<\/div>\n\t\t\t\t\t<\/div>\n\n\t\n\n\t<div id=\"col-1077446207\" class=\"col medium-6 small-12 large-6\"  data-animate=\"fadeInUp\">\n\t\t\t\t<div class=\"col-inner\"  >\n\t\t\t\n\t\t\t\n<p>Nuestros servicios incluyen:<\/p>\n<ul>\n<li><strong><span style=\"color: #a80a43;\">Evaluaci\u00f3n del posicionamiento<\/span><\/strong> del destino en el mercado.<\/li>\n<li><strong><span style=\"color: #a80a43;\">An\u00e1lisis de los mercados<\/span><\/strong> de proximidad e internacionales con mayor potencial.<\/li>\n<li><strong><span style=\"color: #a80a43;\">Definici\u00f3n de segmentos y perfiles de clientes<\/span><\/strong> a los que dirigirnos.<\/li>\n<li><strong><span style=\"color: #a80a43;\">Estudio de las tendencias<\/span><\/strong> de mercado en cada nicho tur\u00edstico.<\/li>\n<\/ul>\n\t\t<\/div>\n\t\t\t\t\t<\/div>\n\n\t\n\n\t<div id=\"col-147978285\" class=\"col medium-5 small-12 large-5\"  >\n\t\t\t\t<div class=\"col-inner\"  >\n\t\t\t\n\t\t\t\n\t<div class=\"img has-hover img-berto-radius x md-x lg-x y md-y lg-y\" id=\"image_326257127\">\n\t\t\t\t\t\t<div data-animate=\"flipInY\">\t\t<div class=\"img-inner image-grayscale box-shadow-3 dark\" >\n\t\t\t<img loading=\"lazy\" decoding=\"async\" width=\"784\" height=\"480\" src=\"https:\/\/decabaturisme.com\/wp-content\/uploads\/2024\/12\/estudis-de-mercat-lores.jpg\" class=\"attachment-large size-large\" alt=\"Estudis de mercat\" srcset=\"https:\/\/decabaturisme.com\/wp-content\/uploads\/2024\/12\/estudis-de-mercat-lores.jpg 784w, https:\/\/decabaturisme.com\/wp-content\/uploads\/2024\/12\/estudis-de-mercat-lores-653x400.jpg 653w, https:\/\/decabaturisme.com\/wp-content\/uploads\/2024\/12\/estudis-de-mercat-lores-768x470.jpg 768w, https:\/\/decabaturisme.com\/wp-content\/uploads\/2024\/12\/estudis-de-mercat-lores-600x367.jpg 600w\" sizes=\"(max-width: 784px) 100vw, 784px\" \/>\t\t\t\t\t\t\n\t\t\t\t\t<\/div>\n\t\t<\/div>\t\t\t\t\t\t\n<style>\n#image_326257127 {\n  width: 100%;\n}\n<\/style>\n\t<\/div>\n\t\n\t\t<\/div>\n\t\t\t\t\t<\/div>\n\n\t\n\n\t<div id=\"col-2043200593\" class=\"col medium-11 small-12 large-12\"  data-animate=\"fadeInUp\">\n\t\t\t\t<div class=\"col-inner\"  >\n\t\t\t\n\t\t\t\n<p>Con nuestros estudios de mercado, proporcionamos informaci\u00f3n clave para dise\u00f1ar estrategias efectivas que permitan a los destinos competir con \u00e9xito y adaptarse a las tendencias cambiantes.<\/p>\n\t\t<\/div>\n\t\t\t\t\t<\/div>\n\n\t\n<\/div>\n<div class=\"row\"  id=\"row-1924637634\">\n\n\t<div id=\"col-674820003\" class=\"col small-12 large-12\"  data-animate=\"fadeInRight\">\n\t\t\t\t<div class=\"col-inner\"  >\n\t\t\t\n\t\t\t\n<h2>Proyectos asociados<\/h2>\n<div class=\"is-divider divider clearfix\" style=\"max-width:50px;background-color:rgb(168, 10, 67);\"><\/div>\n\t\t<\/div>\n\t\t\t\t\n<style>\n#col-674820003 > .col-inner {\n  padding: 50px 10px 0px 10px;\n}\n@media (min-width:850px) {\n  #col-674820003 > .col-inner {\n    padding: 50px 0px 0px 0px;\n  }\n}\n<\/style>\n\t<\/div>\n\n\t\n<\/div>\n\n  \n    <div class=\"row large-columns-1 medium-columns-1 small-columns-1\" >\n  <div class=\"col post-item\" >\n\t\t\t<div class=\"col-inner\">\n\t\t\t\t<div class=\"box box-vertical box-text-bottom box-blog-post has-hover\">\n            \t\t\t\t\t<div class=\"box-image\" style=\"border-radius:5%;width:32%;\">\n  \t\t\t\t\t\t<div class=\"image-cover\" style=\"padding-top:56%;\">\n\t\t\t\t\t\t\t<a href=\"https:\/\/decabaturisme.com\/es\/creacion-guia-urbana-palafrugell\/\" class=\"plain\" aria-label=\"Creaci\u00f3n de la Gu\u00eda Urbana de Palafrugell\">\n\t\t\t\t\t\t\t\t<img loading=\"lazy\" decoding=\"async\" width=\"533\" height=\"400\" src=\"https:\/\/decabaturisme.com\/wp-content\/uploads\/2024\/11\/palafrugell-lores-533x400.jpg\" class=\"attachment-medium size-medium wp-post-image\" alt=\"Palafrugell\" srcset=\"https:\/\/decabaturisme.com\/wp-content\/uploads\/2024\/11\/palafrugell-lores-533x400.jpg 533w, https:\/\/decabaturisme.com\/wp-content\/uploads\/2024\/11\/palafrugell-lores-600x450.jpg 600w, https:\/\/decabaturisme.com\/wp-content\/uploads\/2024\/11\/palafrugell-lores.jpg 640w\" sizes=\"(max-width: 533px) 100vw, 533px\" \/>\t\t\t\t\t\t\t<\/a>\n  \t\t\t\t\t\t\t  \t\t\t\t\t\t\t  \t\t\t\t\t\t<\/div>\n  \t\t\t\t\t\t  \t\t\t\t\t<\/div>\n          \t\t\t\t\t<div class=\"box-text text-left\" >\n\t\t\t\t\t<div class=\"box-text-inner blog-post-inner\">\n\n\t\t\t\t\t\n\t\t\t\t\t\t\t\t\t\t<h5 class=\"post-title is-large uppercase\">\n\t\t\t\t\t\t<a href=\"https:\/\/decabaturisme.com\/es\/creacion-guia-urbana-palafrugell\/\" class=\"plain\">Creaci\u00f3n de la Gu\u00eda Urbana de Palafrugell<\/a>\n\t\t\t\t\t<\/h5>\n\t\t\t\t\t<div class=\"post-meta is-small op-8\">octubre 2024<\/div>\t\t\t\t\t<div class=\"is-divider\"><\/div>\n\t\t\t\t\t\t\t\t\t\t<p class=\"from_the_blog_excerpt show-on-hover hover-fade\">\n\t\t\t\t\t\tElaboraci\u00f3n del inventario de datos para el desarrollo de la Gu\u00eda Urbana de Palafrugell, un proyecto impulsado por el Ayuntamiento.\t\t\t\t\t<\/p>\n\t\t\t\t\t                    \n\t\t\t\t\t\n\t\t\t\t\t\n\t\t\t\t\t<\/div>\n\t\t\t\t\t<\/div>\n\t\t\t\t\t\t\t\t\t<\/div>\n\t\t\t<\/div>\n\t\t<\/div><div class=\"col post-item\" >\n\t\t\t<div class=\"col-inner\">\n\t\t\t\t<div class=\"box box-vertical box-text-bottom box-blog-post has-hover\">\n            \t\t\t\t\t<div class=\"box-image\" style=\"border-radius:5%;width:32%;\">\n  \t\t\t\t\t\t<div class=\"image-cover\" style=\"padding-top:56%;\">\n\t\t\t\t\t\t\t<a href=\"https:\/\/decabaturisme.com\/es\/actualizacion-productos-turismo-sostenible-operadored-extranjeros-nacionales-pn-montgri-islas-medas-bajo-ter\/\" class=\"plain\" aria-label=\"Actualizaci\u00f3n de los productos de turismo sostenible de operadores extranjeros y nacionales del PN del Montgr\u00ed, las Islas Medas y el Bajo Ter.\">\n\t\t\t\t\t\t\t\t<img loading=\"lazy\" decoding=\"async\" width=\"533\" height=\"400\" src=\"https:\/\/decabaturisme.com\/wp-content\/uploads\/2023\/12\/montgri-lores-533x400.jpg\" class=\"attachment-medium size-medium wp-post-image\" alt=\"Muntanya del Montgr\u00ed\" srcset=\"https:\/\/decabaturisme.com\/wp-content\/uploads\/2023\/12\/montgri-lores-533x400.jpg 533w, https:\/\/decabaturisme.com\/wp-content\/uploads\/2023\/12\/montgri-lores-600x450.jpg 600w, https:\/\/decabaturisme.com\/wp-content\/uploads\/2023\/12\/montgri-lores.jpg 640w\" sizes=\"(max-width: 533px) 100vw, 533px\" \/>\t\t\t\t\t\t\t<\/a>\n  \t\t\t\t\t\t\t  \t\t\t\t\t\t\t  \t\t\t\t\t\t<\/div>\n  \t\t\t\t\t\t  \t\t\t\t\t<\/div>\n          \t\t\t\t\t<div class=\"box-text text-left\" >\n\t\t\t\t\t<div class=\"box-text-inner blog-post-inner\">\n\n\t\t\t\t\t\n\t\t\t\t\t\t\t\t\t\t<h5 class=\"post-title is-large uppercase\">\n\t\t\t\t\t\t<a href=\"https:\/\/decabaturisme.com\/es\/actualizacion-productos-turismo-sostenible-operadored-extranjeros-nacionales-pn-montgri-islas-medas-bajo-ter\/\" class=\"plain\">Actualizaci\u00f3n de los productos de turismo sostenible de operadores extranjeros y nacionales del PN del Montgr\u00ed, las Islas Medas y el Bajo Ter.<\/a>\n\t\t\t\t\t<\/h5>\n\t\t\t\t\t<div class=\"post-meta is-small op-8\">diciembre 2023<\/div>\t\t\t\t\t<div class=\"is-divider\"><\/div>\n\t\t\t\t\t\t\t\t\t\t<p class=\"from_the_blog_excerpt show-on-hover hover-fade\">\n\t\t\t\t\t\tRevisi\u00f3n y actualizaci\u00f3n de los productos de los operadores extranjeros que operan en los l\u00edmites de los 8 municipios que configuran el Parque. Se incorpora una recopilaci\u00f3n de las certificaciones [...]\t\t\t\t\t<\/p>\n\t\t\t\t\t                    \n\t\t\t\t\t\n\t\t\t\t\t\n\t\t\t\t\t<\/div>\n\t\t\t\t\t<\/div>\n\t\t\t\t\t\t\t\t\t<\/div>\n\t\t\t<\/div>\n\t\t<\/div><\/div>\n\t\t<\/div>\n\n\t\t\n<style>\n#section_1865160259 {\n  padding-top: 30px;\n  padding-bottom: 30px;\n  background-color: rgb(247, 247, 247);\n}\n<\/style>\n\t<\/section>\n\t\n","protected":false},"excerpt":{"rendered":"","protected":false},"author":1,"featured_media":0,"parent":52409,"menu_order":5,"comment_status":"closed","ping_status":"closed","template":"","meta":{"footnotes":""},"class_list":["post-52412","page","type-page","status-publish","hentry"],"_links":{"self":[{"href":"https:\/\/decabaturisme.com\/es\/wp-json\/wp\/v2\/pages\/52412"}],"collection":[{"href":"https:\/\/decabaturisme.com\/es\/wp-json\/wp\/v2\/pages"}],"about":[{"href":"https:\/\/decabaturisme.com\/es\/wp-json\/wp\/v2\/types\/page"}],"author":[{"embeddable":true,"href":"https:\/\/decabaturisme.com\/es\/wp-json\/wp\/v2\/users\/1"}],"replies":[{"embeddable":true,"href":"https:\/\/decabaturisme.com\/es\/wp-json\/wp\/v2\/comments?post=52412"}],"version-history":[{"count":10,"href":"https:\/\/decabaturisme.com\/es\/wp-json\/wp\/v2\/pages\/52412\/revisions"}],"predecessor-version":[{"id":54059,"href":"https:\/\/decabaturisme.com\/es\/wp-json\/wp\/v2\/pages\/52412\/revisions\/54059"}],"up":[{"embeddable":true,"href":"https:\/\/decabaturisme.com\/es\/wp-json\/wp\/v2\/pages\/52409"}],"wp:attachment":[{"href":"https:\/\/decabaturisme.com\/es\/wp-json\/wp\/v2\/media?parent=52412"}],"curies":[{"name":"wp","href":"https:\/\/api.w.org\/{rel}","templated":true}]}}