{"id":52413,"date":"2024-10-08T09:44:27","date_gmt":"2024-10-08T09:44:27","guid":{"rendered":"https:\/\/decabaturisme.com\/dcb-serveis\/planificacio-estrategica\/"},"modified":"2024-12-21T11:21:58","modified_gmt":"2024-12-21T11:21:58","slug":"planificacion-estrategica","status":"publish","type":"page","link":"https:\/\/decabaturisme.com\/es\/servicios\/planificacion-estrategica\/","title":{"rendered":"Planificaci\u00f3n Estrat\u00e9gica"},"content":{"rendered":"\n\t<section class=\"section\" id=\"section_1996906262\">\n\t\t<div class=\"section-bg fill\" >\n\t\t\t\t\t\t\t\t\t\n\t\t\t\n\n\t\t<\/div>\n\n\t\t\n\n\t\t<div class=\"section-content relative\">\n\t\t\t\n<div class=\"row align-center\"  id=\"row-1841664472\">\n\n\t<div id=\"col-404035180\" class=\"col small-12 large-12\"  >\n\t\t\t\t<div class=\"col-inner\"  >\n\t\t\t\n\t\t\t\n<div class=\"nav-wrapper\"><ul class=\"nav nav-uppercase nav-horizontal nav-size-xsmall nav-outline text-center nav-center\"><p class=\"lead shortcode-error text-center\">Sorry, no pages was found<\/p><\/ul><\/div>\n\t<div id=\"gap-379417568\" class=\"gap-element clearfix\" style=\"display:block; height:auto;\">\n\t\t\n<style>\n#gap-379417568 {\n  padding-top: 50px;\n}\n<\/style>\n\t<\/div>\n\t\n<h2>PLANIFICACI\u00d3N ESTRAT\u00c9GICA<\/h2>\n<div class=\"is-divider divider clearfix\" style=\"max-width:50px;background-color:rgb(168, 10, 67);\"><\/div>\n\t\t<\/div>\n\t\t\t\t\t<\/div>\n\n\t\n\n\t<div id=\"col-2093526847\" class=\"col small-12 large-12\"  data-animate=\"fadeInRight\">\n\t\t\t\t<div class=\"col-inner\"  >\n\t\t\t\n\t\t\t\n<h3>Redacci\u00f3n de Planes Estrat\u00e9gicos<\/h3>\n\t\t<\/div>\n\t\t\t\t\t<\/div>\n\n\t\n<\/div>\n<div class=\"row align-middle align-center\"  id=\"row-323387843\">\n\n\t<div id=\"col-2002762179\" class=\"col medium-2 small-12 large-2\"  >\n\t\t\t\t<div class=\"col-inner\" style=\"background-color:rgb(255,255,255);\" >\n\t\t\t\n\t<div class=\"is-border\"\n\t\tstyle=\"border-width:2px 2px 2px 2px;\">\n\t<\/div>\n\t\t\t\n\t<div id=\"ux-lottie-2581578905\" class=\"ux-lottie\" >\n\t\t\t\t<lottie-player class=\"ux-lottie__player\" data-params=\"{&quot;src&quot;:&quot;https:\\\/\\\/decabaturisme.com\\\/wp-content\\\/uploads\\\/2024\\\/10\\\/lottie-nota3.json&quot;,&quot;loop&quot;:true,&quot;autoplay&quot;:false,&quot;controls&quot;:false,&quot;speed&quot;:&quot;1&quot;,&quot;direction&quot;:1,&quot;trigger&quot;:&quot;click&quot;,&quot;mouseout&quot;:&quot;&quot;,&quot;start&quot;:0,&quot;end&quot;:100,&quot;scrollActionType&quot;:&quot;seek&quot;,&quot;visibilityStart&quot;:0,&quot;visibilityEnd&quot;:100,&quot;id&quot;:&quot;ux-lottie-2581578905&quot;}\" ><\/lottie-player>\n\t\t\t\t\n<style>\n#ux-lottie-2581578905 {\n  width: 100%;\n  height: 125px;\n}\n<\/style>\n\t<\/div>\n\t\n\t\t<\/div>\n\t\t\t\t\t<\/div>\n\n\t\n\n\t<div id=\"col-356384733\" class=\"col medium-9 small-12 large-9\"  data-animate=\"fadeInLeft\">\n\t\t\t\t<div class=\"col-inner\"  >\n\t\t\t\n\t\t\t\n<p style=\"text-align: justify;\">En <span style=\"color: #a80a43;\"><strong><em>DECABA Turismo<\/em><\/strong><\/span>, creamos planes estrat\u00e9gicos de turismo personalizados para cada territorio, con el objetivo de fomentar un <strong><span style=\"color: #a80a43;\">crecimiento sostenible y equilibrado<\/span><\/strong>. A trav\u00e9s de un an\u00e1lisis detallado de las tendencias tur\u00edsticas y los recursos locales, detectamos nuevas oportunidades para <strong><span style=\"color: #a80a43;\">mejorar la oferta tur\u00edstica<\/span><\/strong> y reforzar el atractivo del destino.<\/p>\n\t\t<\/div>\n\t\t\t\t\t<\/div>\n\n\t\n\n\t<div id=\"col-472059398\" class=\"col medium-6 small-12 large-6\"  data-animate=\"fadeInUp\">\n\t\t\t\t<div class=\"col-inner\"  >\n\t\t\t\n\t\t\t\n<p style=\"text-align: justify;\">Definimos objetivos concretos para <strong><span style=\"color: #a80a43;\">optimizar el uso de los recursos y maximizar el impacto econ\u00f3mico<\/span><\/strong> a nivel local. Nuestro enfoque destaca por su atenci\u00f3n a los valores culturales, naturales y patrimoniales, siempre desde una perspectiva de <strong><span style=\"color: #a80a43;\">turismo sostenible e innovador<\/span><\/strong>.<\/p>\n<p style=\"text-align: justify;\">Estamos comprometidos a proporcionar estrategias efectivas que transformen el potencial de cada destino en oportunidades de <strong><span style=\"color: #a80a43;\">crecimiento sostenible<\/span><\/strong>.<\/p>\n\t\t<\/div>\n\t\t\t\t\t<\/div>\n\n\t\n\n\t<div id=\"col-1530447187\" class=\"col medium-5 small-12 large-5\"  >\n\t\t\t\t<div class=\"col-inner\"  >\n\t\t\t\n\t\t\t\n\t<div class=\"img has-hover img-berto-radius x md-x lg-x y md-y lg-y\" id=\"image_1099009651\">\n\t\t\t\t\t\t<div data-animate=\"flipInY\">\t\t<div class=\"img-inner image-grayscale box-shadow-3 dark\" >\n\t\t\t<img loading=\"lazy\" decoding=\"async\" width=\"640\" height=\"480\" src=\"https:\/\/decabaturisme.com\/wp-content\/uploads\/2023\/12\/montgri-lores.jpg\" class=\"attachment-large size-large\" alt=\"Muntanya del Montgr\u00ed\" srcset=\"https:\/\/decabaturisme.com\/wp-content\/uploads\/2023\/12\/montgri-lores.jpg 640w, https:\/\/decabaturisme.com\/wp-content\/uploads\/2023\/12\/montgri-lores-533x400.jpg 533w, https:\/\/decabaturisme.com\/wp-content\/uploads\/2023\/12\/montgri-lores-600x450.jpg 600w\" sizes=\"(max-width: 640px) 100vw, 640px\" \/>\t\t\t\t\t\t\n\t\t\t\t\t<\/div>\n\t\t<\/div>\t\t\t\t\t\t\n<style>\n#image_1099009651 {\n  width: 100%;\n}\n<\/style>\n\t<\/div>\n\t\n\t\t<\/div>\n\t\t\t\t\t<\/div>\n\n\t\n<\/div>\n<div class=\"row\"  id=\"row-579685813\">\n\n\t<div id=\"col-897367349\" class=\"col small-12 large-12\"  data-animate=\"fadeInRight\">\n\t\t\t\t<div class=\"col-inner\"  >\n\t\t\t\n\t\t\t\n<h2>Proyectos asociados<\/h2>\n<div class=\"is-divider divider clearfix\" style=\"max-width:50px;background-color:rgb(168, 10, 67);\"><\/div>\n\t\t<\/div>\n\t\t\t\t\t<\/div>\n\n\t\n\n<style>\n#row-579685813 > .col > .col-inner {\n  padding: 50px 10px 0px 10px;\n}\n@media (min-width:850px) {\n  #row-579685813 > .col > .col-inner {\n    padding: 50px 0px 0px 0px;\n  }\n}\n<\/style>\n<\/div>\n\t\t<div id=\"ux-relay-451838325\" class=\"ux-relay ux-relay--load-more\" data-flatsome-relay=\"{&quot;postType&quot;:&quot;post&quot;,&quot;tag&quot;:&quot;blog_posts&quot;,&quot;atts&quot;:{&quot;style&quot;:&quot;vertical&quot;,&quot;type&quot;:&quot;row&quot;,&quot;columns&quot;:&quot;1&quot;,&quot;columns__md&quot;:&quot;1&quot;,&quot;relay&quot;:&quot;load-more&quot;,&quot;relay_control_result_count&quot;:&quot;0&quot;,&quot;cat&quot;:&quot;390&quot;,&quot;posts&quot;:&quot;4&quot;,&quot;title_style&quot;:&quot;uppercase&quot;,&quot;show_date&quot;:&quot;text&quot;,&quot;excerpt&quot;:&quot;fade&quot;,&quot;excerpt_length&quot;:&quot;30&quot;,&quot;image_width&quot;:&quot;32&quot;,&quot;image_radius&quot;:&quot;5&quot;,&quot;text_align&quot;:&quot;left&quot;},&quot;currentPage&quot;:&quot;1&quot;,&quot;totalPages&quot;:3,&quot;totalPosts&quot;:9,&quot;postCount&quot;:4}\" >\n\t\t\n  \n    <div class=\"row large-columns-1 medium-columns-1 small-columns-1\" >\n  <div class=\"col post-item\" >\n\t\t\t<div class=\"col-inner\">\n\t\t\t\t<div class=\"box box-vertical box-text-bottom box-blog-post has-hover\">\n            \t\t\t\t\t<div class=\"box-image\" style=\"border-radius:5%;width:32%;\">\n  \t\t\t\t\t\t<div class=\"image-cover\" style=\"padding-top:56%;\">\n\t\t\t\t\t\t\t<a href=\"https:\/\/decabaturisme.com\/es\/plan-accion-turistica-pallars-sobira\/\" class=\"plain\" aria-label=\"Plan de Acci\u00f3n Tur\u00edstica del Pallars Sobir\u00e0\">\n\t\t\t\t\t\t\t\t<img loading=\"lazy\" decoding=\"async\" width=\"600\" height=\"400\" src=\"https:\/\/decabaturisme.com\/wp-content\/uploads\/2024\/10\/pallars-sobira-600x400.jpg\" class=\"attachment-medium size-medium wp-post-image\" alt=\"\" srcset=\"https:\/\/decabaturisme.com\/wp-content\/uploads\/2024\/10\/pallars-sobira-600x400.jpg 600w, https:\/\/decabaturisme.com\/wp-content\/uploads\/2024\/10\/pallars-sobira-300x200.jpg 300w, https:\/\/decabaturisme.com\/wp-content\/uploads\/2024\/10\/pallars-sobira.jpg 720w\" sizes=\"(max-width: 600px) 100vw, 600px\" \/>\t\t\t\t\t\t\t<\/a>\n  \t\t\t\t\t\t\t  \t\t\t\t\t\t\t  \t\t\t\t\t\t<\/div>\n  \t\t\t\t\t\t  \t\t\t\t\t<\/div>\n          \t\t\t\t\t<div class=\"box-text text-left\" >\n\t\t\t\t\t<div class=\"box-text-inner blog-post-inner\">\n\n\t\t\t\t\t\n\t\t\t\t\t\t\t\t\t\t<h5 class=\"post-title is-large uppercase\">\n\t\t\t\t\t\t<a href=\"https:\/\/decabaturisme.com\/es\/plan-accion-turistica-pallars-sobira\/\" class=\"plain\">Plan de Acci\u00f3n Tur\u00edstica del Pallars Sobir\u00e0<\/a>\n\t\t\t\t\t<\/h5>\n\t\t\t\t\t<div class=\"post-meta is-small op-8\">octubre 2024<\/div>\t\t\t\t\t<div class=\"is-divider\"><\/div>\n\t\t\t\t\t\t\t\t\t\t<p class=\"from_the_blog_excerpt show-on-hover hover-fade\">\n\t\t\t\t\t\tDefinici\u00f3n de la estrategia tur\u00edstica de la comarca y las acciones a desarrollar, buscando la implicaci\u00f3n de los agentes del sector tur\u00edstico, comercial y cultural p\u00fablicos y privados.\t\t\t\t\t<\/p>\n\t\t\t\t\t                    \n\t\t\t\t\t\n\t\t\t\t\t\n\t\t\t\t\t<\/div>\n\t\t\t\t\t<\/div>\n\t\t\t\t\t\t\t\t\t<\/div>\n\t\t\t<\/div>\n\t\t<\/div><div class=\"col post-item\" >\n\t\t\t<div class=\"col-inner\">\n\t\t\t\t<div class=\"box box-vertical box-text-bottom box-blog-post has-hover\">\n            \t\t\t\t\t<div class=\"box-image\" style=\"border-radius:5%;width:32%;\">\n  \t\t\t\t\t\t<div class=\"image-cover\" style=\"padding-top:56%;\">\n\t\t\t\t\t\t\t<a href=\"https:\/\/decabaturisme.com\/es\/plan-argentona\/\" class=\"plain\" aria-label=\"Plan Estrat\u00e9gico de Argentona\">\n\t\t\t\t\t\t\t\t<img loading=\"lazy\" decoding=\"async\" width=\"400\" height=\"400\" src=\"https:\/\/decabaturisme.com\/wp-content\/uploads\/2024\/09\/castell-burriac-argentona-Small-400x400.jpg\" class=\"attachment-medium size-medium wp-post-image\" alt=\"castell burriac argentona\" srcset=\"https:\/\/decabaturisme.com\/wp-content\/uploads\/2024\/09\/castell-burriac-argentona-Small-400x400.jpg 400w, https:\/\/decabaturisme.com\/wp-content\/uploads\/2024\/09\/castell-burriac-argentona-Small-280x280.jpg 280w, https:\/\/decabaturisme.com\/wp-content\/uploads\/2024\/09\/castell-burriac-argentona-Small-100x100.jpg 100w, https:\/\/decabaturisme.com\/wp-content\/uploads\/2024\/09\/castell-burriac-argentona-Small-300x300.jpg 300w, https:\/\/decabaturisme.com\/wp-content\/uploads\/2024\/09\/castell-burriac-argentona-Small.jpg 480w\" sizes=\"(max-width: 400px) 100vw, 400px\" \/>\t\t\t\t\t\t\t<\/a>\n  \t\t\t\t\t\t\t  \t\t\t\t\t\t\t  \t\t\t\t\t\t<\/div>\n  \t\t\t\t\t\t  \t\t\t\t\t<\/div>\n          \t\t\t\t\t<div class=\"box-text text-left\" >\n\t\t\t\t\t<div class=\"box-text-inner blog-post-inner\">\n\n\t\t\t\t\t\n\t\t\t\t\t\t\t\t\t\t<h5 class=\"post-title is-large uppercase\">\n\t\t\t\t\t\t<a href=\"https:\/\/decabaturisme.com\/es\/plan-argentona\/\" class=\"plain\">Plan Estrat\u00e9gico de Argentona<\/a>\n\t\t\t\t\t<\/h5>\n\t\t\t\t\t<div class=\"post-meta is-small op-8\">septiembre 2024<\/div>\t\t\t\t\t<div class=\"is-divider\"><\/div>\n\t\t\t\t\t\t\t\t\t\t<p class=\"from_the_blog_excerpt show-on-hover hover-fade\">\n\t\t\t\t\t\tDefinici\u00f3n de la Estrategia Tur\u00edstica del municipio de Argentona de los pr\u00f3ximos a\u00f1os, por encargo de la Diputaci\u00f3 de Barcelona.\t\t\t\t\t<\/p>\n\t\t\t\t\t                    \n\t\t\t\t\t\n\t\t\t\t\t\n\t\t\t\t\t<\/div>\n\t\t\t\t\t<\/div>\n\t\t\t\t\t\t\t\t\t<\/div>\n\t\t\t<\/div>\n\t\t<\/div><div class=\"col post-item\" >\n\t\t\t<div class=\"col-inner\">\n\t\t\t\t<div class=\"box box-vertical box-text-bottom box-blog-post has-hover\">\n            \t\t\t\t\t<div class=\"box-image\" style=\"border-radius:5%;width:32%;\">\n  \t\t\t\t\t\t<div class=\"image-cover\" style=\"padding-top:56%;\">\n\t\t\t\t\t\t\t<a href=\"https:\/\/decabaturisme.com\/es\/plan-viladecans\/\" class=\"plain\" aria-label=\"Plan Sectorial de Viladecans\">\n\t\t\t\t\t\t\t\t<img loading=\"lazy\" decoding=\"async\" width=\"533\" height=\"400\" src=\"https:\/\/decabaturisme.com\/wp-content\/uploads\/2024\/02\/Viladecans-4-lores-533x400.jpg\" class=\"attachment-medium size-medium wp-post-image\" alt=\"Presentaci\u00f3 Pla Estrat\u00e8gic Viladecans\" srcset=\"https:\/\/decabaturisme.com\/wp-content\/uploads\/2024\/02\/Viladecans-4-lores-533x400.jpg 533w, https:\/\/decabaturisme.com\/wp-content\/uploads\/2024\/02\/Viladecans-4-lores-600x450.jpg 600w, https:\/\/decabaturisme.com\/wp-content\/uploads\/2024\/02\/Viladecans-4-lores.jpg 640w\" sizes=\"(max-width: 533px) 100vw, 533px\" \/>\t\t\t\t\t\t\t<\/a>\n  \t\t\t\t\t\t\t  \t\t\t\t\t\t\t  \t\t\t\t\t\t<\/div>\n  \t\t\t\t\t\t  \t\t\t\t\t<\/div>\n          \t\t\t\t\t<div class=\"box-text text-left\" >\n\t\t\t\t\t<div class=\"box-text-inner blog-post-inner\">\n\n\t\t\t\t\t\n\t\t\t\t\t\t\t\t\t\t<h5 class=\"post-title is-large uppercase\">\n\t\t\t\t\t\t<a href=\"https:\/\/decabaturisme.com\/es\/plan-viladecans\/\" class=\"plain\">Plan Sectorial de Viladecans<\/a>\n\t\t\t\t\t<\/h5>\n\t\t\t\t\t<div class=\"post-meta is-small op-8\">febrero 2024<\/div>\t\t\t\t\t<div class=\"is-divider\"><\/div>\n\t\t\t\t\t\t\t\t\t\t<p class=\"from_the_blog_excerpt show-on-hover hover-fade\">\n\t\t\t\t\t\tDise\u00f1o de la Estrategia tur\u00edstica del municipio de Viladecans, en base a los segmentos de mercado definidos en concertaci\u00f3n con el territorio.\t\t\t\t\t<\/p>\n\t\t\t\t\t                    \n\t\t\t\t\t\n\t\t\t\t\t\n\t\t\t\t\t<\/div>\n\t\t\t\t\t<\/div>\n\t\t\t\t\t\t\t\t\t<\/div>\n\t\t\t<\/div>\n\t\t<\/div><div class=\"col post-item\" >\n\t\t\t<div class=\"col-inner\">\n\t\t\t\t<div class=\"box box-vertical box-text-bottom box-blog-post has-hover\">\n            \t\t\t\t\t<div class=\"box-image\" style=\"border-radius:5%;width:32%;\">\n  \t\t\t\t\t\t<div class=\"image-cover\" style=\"padding-top:56%;\">\n\t\t\t\t\t\t\t<a href=\"https:\/\/decabaturisme.com\/es\/plan-estrategico-castellet-gornal\/\" class=\"plain\" aria-label=\"Plan Estrat\u00e9gico de Castellet i la Gornal\">\n\t\t\t\t\t\t\t\t<img loading=\"lazy\" decoding=\"async\" width=\"640\" height=\"349\" src=\"https:\/\/decabaturisme.com\/wp-content\/uploads\/2023\/10\/Pla-Estrategic-Castellet-i-la-Gornal-lowres.jpg\" class=\"attachment-medium size-medium wp-post-image\" alt=\"\" srcset=\"https:\/\/decabaturisme.com\/wp-content\/uploads\/2023\/10\/Pla-Estrategic-Castellet-i-la-Gornal-lowres.jpg 640w, https:\/\/decabaturisme.com\/wp-content\/uploads\/2023\/10\/Pla-Estrategic-Castellet-i-la-Gornal-lowres-600x327.jpg 600w\" sizes=\"(max-width: 640px) 100vw, 640px\" \/>\t\t\t\t\t\t\t<\/a>\n  \t\t\t\t\t\t\t  \t\t\t\t\t\t\t  \t\t\t\t\t\t<\/div>\n  \t\t\t\t\t\t  \t\t\t\t\t<\/div>\n          \t\t\t\t\t<div class=\"box-text text-left\" >\n\t\t\t\t\t<div class=\"box-text-inner blog-post-inner\">\n\n\t\t\t\t\t\n\t\t\t\t\t\t\t\t\t\t<h5 class=\"post-title is-large uppercase\">\n\t\t\t\t\t\t<a href=\"https:\/\/decabaturisme.com\/es\/plan-estrategico-castellet-gornal\/\" class=\"plain\">Plan Estrat\u00e9gico de Castellet i la Gornal<\/a>\n\t\t\t\t\t<\/h5>\n\t\t\t\t\t<div class=\"post-meta is-small op-8\">enero 2024<\/div>\t\t\t\t\t<div class=\"is-divider\"><\/div>\n\t\t\t\t\t\t\t\t\t\t<p class=\"from_the_blog_excerpt show-on-hover hover-fade\">\n\t\t\t\t\t\tDiagn\u00f3stico, hoja de ruta y estrat\u00e9gica para el desarrollo tur\u00edstico del municipio.\t\t\t\t\t<\/p>\n\t\t\t\t\t                    \n\t\t\t\t\t\n\t\t\t\t\t\n\t\t\t\t\t<\/div>\n\t\t\t\t\t<\/div>\n\t\t\t\t\t\t\t\t\t<\/div>\n\t\t\t<\/div>\n\t\t<\/div><\/div>\t\t<div class=\"ux-relay__control ux-relay__control--bottom container pb-half text-center\">\n\t\t\t\t\t\t\t<button class=\"ux-relay__button ux-relay__load-more-button button primary mb-0\">\n\t\t\t\t\tVer m\u00e1s\t\t\t\t\t\t\t\t\t<\/button>\n\t\t\t\t\t\t<\/div>\n\t\t\t\t<\/div>\n\t\t\n\t\t<\/div>\n\n\t\t\n<style>\n#section_1996906262 {\n  padding-top: 30px;\n  padding-bottom: 30px;\n  background-color: rgb(247, 247, 247);\n}\n<\/style>\n\t<\/section>\n\t\n","protected":false},"excerpt":{"rendered":"","protected":false},"author":1,"featured_media":0,"parent":52409,"menu_order":1,"comment_status":"closed","ping_status":"closed","template":"","meta":{"footnotes":""},"class_list":["post-52413","page","type-page","status-publish","hentry"],"_links":{"self":[{"href":"https:\/\/decabaturisme.com\/es\/wp-json\/wp\/v2\/pages\/52413"}],"collection":[{"href":"https:\/\/decabaturisme.com\/es\/wp-json\/wp\/v2\/pages"}],"about":[{"href":"https:\/\/decabaturisme.com\/es\/wp-json\/wp\/v2\/types\/page"}],"author":[{"embeddable":true,"href":"https:\/\/decabaturisme.com\/es\/wp-json\/wp\/v2\/users\/1"}],"replies":[{"embeddable":true,"href":"https:\/\/decabaturisme.com\/es\/wp-json\/wp\/v2\/comments?post=52413"}],"version-history":[{"count":10,"href":"https:\/\/decabaturisme.com\/es\/wp-json\/wp\/v2\/pages\/52413\/revisions"}],"predecessor-version":[{"id":54052,"href":"https:\/\/decabaturisme.com\/es\/wp-json\/wp\/v2\/pages\/52413\/revisions\/54052"}],"up":[{"embeddable":true,"href":"https:\/\/decabaturisme.com\/es\/wp-json\/wp\/v2\/pages\/52409"}],"wp:attachment":[{"href":"https:\/\/decabaturisme.com\/es\/wp-json\/wp\/v2\/media?parent=52413"}],"curies":[{"name":"wp","href":"https:\/\/api.w.org\/{rel}","templated":true}]}}