{"id":52414,"date":"2024-10-08T11:52:23","date_gmt":"2024-10-08T11:52:23","guid":{"rendered":"https:\/\/decabaturisme.com\/dcb-serveis\/secretaries-tecniques\/"},"modified":"2024-12-23T11:01:53","modified_gmt":"2024-12-23T11:01:53","slug":"secretarias-tecnicas","status":"publish","type":"page","link":"https:\/\/decabaturisme.com\/es\/servicios\/secretarias-tecnicas\/","title":{"rendered":"Secretar\u00edas T\u00e9cnicas"},"content":{"rendered":"\n\t<section class=\"section\" id=\"section_1820937794\">\n\t\t<div class=\"section-bg fill\" >\n\t\t\t\t\t\t\t\t\t\n\t\t\t\n\n\t\t<\/div>\n\n\t\t\n\n\t\t<div class=\"section-content relative\">\n\t\t\t\n<div class=\"row align-center\"  id=\"row-1576610844\">\n\n\t<div id=\"col-886313593\" class=\"col small-12 large-12\"  >\n\t\t\t\t<div class=\"col-inner\"  >\n\t\t\t\n\t\t\t\n<div class=\"nav-wrapper\"><ul class=\"nav nav-uppercase nav-horizontal nav-size-xsmall nav-outline text-center nav-center\"><p class=\"lead shortcode-error text-center\">Sorry, no pages was found<\/p><\/ul><\/div>\n\t<div id=\"gap-1573511033\" class=\"gap-element clearfix\" style=\"display:block; height:auto;\">\n\t\t\n<style>\n#gap-1573511033 {\n  padding-top: 50px;\n}\n<\/style>\n\t<\/div>\n\t\n<h2>SECRETAR\u00cdAS T\u00c9CNICAS<\/h2>\n<div class=\"is-divider divider clearfix\" style=\"max-width:50px;background-color:rgb(168, 10, 67);\"><\/div>\n\t\t<\/div>\n\t\t\t\t\t<\/div>\n\n\t\n\n\t<div id=\"col-1352475337\" class=\"col small-12 large-12\"  data-animate=\"fadeInRight\">\n\t\t\t\t<div class=\"col-inner\"  >\n\t\t\t\n\t\t\t\n<h3>Acompa\u00f1amiento para actuaciones concretas<\/h3>\n\t\t<\/div>\n\t\t\t\t\t<\/div>\n\n\t\n<\/div>\n<div class=\"row align-middle align-center\"  id=\"row-1624182359\">\n\n\t<div id=\"col-1171908408\" class=\"col medium-2 small-12 large-2\"  >\n\t\t\t\t<div class=\"col-inner\" style=\"background-color:rgb(255,255,255);\" >\n\t\t\t\n\t<div class=\"is-border\"\n\t\tstyle=\"border-width:2px 2px 2px 2px;\">\n\t<\/div>\n\t\t\t\n\t<div id=\"ux-lottie-3154893547\" class=\"ux-lottie\" >\n\t\t\t\t<lottie-player class=\"ux-lottie__player\" data-params=\"{&quot;src&quot;:&quot;https:\\\/\\\/decabaturisme.com\\\/wp-content\\\/uploads\\\/2024\\\/10\\\/lottie-dialeg2.json&quot;,&quot;loop&quot;:true,&quot;autoplay&quot;:false,&quot;controls&quot;:false,&quot;speed&quot;:&quot;1&quot;,&quot;direction&quot;:1,&quot;trigger&quot;:&quot;click&quot;,&quot;mouseout&quot;:&quot;&quot;,&quot;start&quot;:7,&quot;end&quot;:100,&quot;scrollActionType&quot;:&quot;seek&quot;,&quot;visibilityStart&quot;:0,&quot;visibilityEnd&quot;:100,&quot;id&quot;:&quot;ux-lottie-3154893547&quot;}\" ><\/lottie-player>\n\t\t\t\t\n<style>\n#ux-lottie-3154893547 {\n  width: 100%;\n  height: 125px;\n}\n<\/style>\n\t<\/div>\n\t\n\t\t<\/div>\n\t\t\t\t\t<\/div>\n\n\t\n\n\t<div id=\"col-2020964605\" class=\"col medium-9 small-12 large-9\"  data-animate=\"fadeInLeft\">\n\t\t\t\t<div class=\"col-inner\"  >\n\t\t\t\n\t\t\t\n<p>Ofrecemos <span style=\"color: #a80a43;\"><strong>soporte especializado<\/strong><\/span> para garantizar el \u00e9xito de proyectos y eventos en el \u00e1mbito de la <strong><span style=\"color: #a80a43;\">administraci\u00f3n p\u00fablica y la empresa privada<\/span><\/strong>.<\/p>\n<p>El sector tur\u00edstico, marcado por su dinamismo, a menudo requiere este tipo de acompa\u00f1amiento para gestionar iniciativas impulsadas desde diferentes \u00e1mbitos.<\/p>\n<p>Proporcionamos soporte log\u00edstico y t\u00e9cnico en cada etapa de vuestro proyecto para asegurar su \u00e9xito:<\/p>\n\t\t<\/div>\n\t\t\t\t\t<\/div>\n\n\t\n\n\t<div id=\"col-2092947622\" class=\"col medium-6 small-12 large-6\"  data-animate=\"fadeInUp\">\n\t\t\t\t<div class=\"col-inner\"  >\n\t\t\t\n\t\t\t\n<ul>\n<li style=\"text-align: justify;\"><strong><span style=\"color: #a80a43;\">Planificaci\u00f3n<\/span><\/strong>, coordinaci\u00f3n y seguimiento de actividades.<\/li>\n<li style=\"text-align: justify;\"><strong><span style=\"color: #a80a43;\">Gesti\u00f3n<\/span> <\/strong>de plazos, presupuestos y objetivos.<\/li>\n<li style=\"text-align: justify;\"><span style=\"color: #a80a43;\"><strong>Coordinaci\u00f3n<\/strong> <\/span>de reuniones, preparaci\u00f3n de informes t\u00e9cnicos y gesti\u00f3n de documentaci\u00f3n.<\/li>\n<li style=\"text-align: justify;\"><strong><span style=\"color: #a80a43;\">Optimizaci\u00f3n de la comunicaci\u00f3n<\/span><\/strong> entre los actores implicados en cada proyecto o actuaci\u00f3n.<\/li>\n<\/ul>\n\t\t<\/div>\n\t\t\t\t\t<\/div>\n\n\t\n\n\t<div id=\"col-1784316360\" class=\"col medium-5 small-12 large-5\"  >\n\t\t\t\t<div class=\"col-inner\"  >\n\t\t\t\n\t\t\t\n\t<div class=\"img has-hover img-berto-radius x md-x lg-x y md-y lg-y\" id=\"image_1570872566\">\n\t\t\t\t\t\t<div data-animate=\"flipInY\">\t\t<div class=\"img-inner image-grayscale box-shadow-3 dark\" >\n\t\t\t<img loading=\"lazy\" decoding=\"async\" width=\"640\" height=\"480\" src=\"https:\/\/decabaturisme.com\/wp-content\/uploads\/2024\/12\/secretaries-Ripolles-Afra-lores.jpg\" class=\"attachment-large size-large\" alt=\"Secretaria Ripoll\u00e8s\" srcset=\"https:\/\/decabaturisme.com\/wp-content\/uploads\/2024\/12\/secretaries-Ripolles-Afra-lores.jpg 640w, https:\/\/decabaturisme.com\/wp-content\/uploads\/2024\/12\/secretaries-Ripolles-Afra-lores-533x400.jpg 533w, https:\/\/decabaturisme.com\/wp-content\/uploads\/2024\/12\/secretaries-Ripolles-Afra-lores-600x450.jpg 600w\" sizes=\"(max-width: 640px) 100vw, 640px\" \/>\t\t\t\t\t\t\n\t\t\t\t\t<\/div>\n\t\t<\/div>\t\t\t\t\t\t\n<style>\n#image_1570872566 {\n  width: 100%;\n}\n<\/style>\n\t<\/div>\n\t\n\t\t<\/div>\n\t\t\t\t\t<\/div>\n\n\t\n\n\t<div id=\"col-974879045\" class=\"col medium-11 small-11 large-12\"  data-animate=\"fadeInUp\">\n\t\t\t\t<div class=\"col-inner\"  >\n\t\t\t\n\t\t\t\n<p>Con nuestro equipo, nos aseguramos de que cada detalle est\u00e9 bajo control, facilitando una ejecuci\u00f3n eficiente y sin contratiempos.<\/p>\n\t\t<\/div>\n\t\t\t\t\t<\/div>\n\n\t\n<\/div>\n<div class=\"row\"  id=\"row-764638269\">\n\n\t<div id=\"col-388009853\" class=\"col small-12 large-12\"  >\n\t\t\t\t<div class=\"col-inner\"  >\n\t\t\t\n\t\t\t\n<h2>Proyectos asociados<\/h2>\n<div class=\"is-divider divider clearfix\" style=\"max-width:50px;background-color:rgb(168, 10, 67);\"><\/div>\n\t\t<\/div>\n\t\t\t\t\t<\/div>\n\n\t\n\n<style>\n#row-764638269 > .col > .col-inner {\n  padding: 50px 10px 0px 10px;\n}\n@media (min-width:850px) {\n  #row-764638269 > .col > .col-inner {\n    padding: 50px 0px 0px 0px;\n  }\n}\n<\/style>\n<\/div>\n\t\t<div id=\"ux-relay-3669406075\" class=\"ux-relay ux-relay--load-more\" data-flatsome-relay=\"{&quot;postType&quot;:&quot;post&quot;,&quot;tag&quot;:&quot;blog_posts&quot;,&quot;atts&quot;:{&quot;style&quot;:&quot;vertical&quot;,&quot;type&quot;:&quot;row&quot;,&quot;columns&quot;:&quot;1&quot;,&quot;columns__md&quot;:&quot;1&quot;,&quot;relay&quot;:&quot;load-more&quot;,&quot;relay_control_result_count&quot;:&quot;0&quot;,&quot;cat&quot;:&quot;395&quot;,&quot;posts&quot;:&quot;4&quot;,&quot;title_style&quot;:&quot;uppercase&quot;,&quot;show_date&quot;:&quot;text&quot;,&quot;excerpt&quot;:&quot;fade&quot;,&quot;excerpt_length&quot;:&quot;30&quot;,&quot;image_width&quot;:&quot;32&quot;,&quot;image_radius&quot;:&quot;5&quot;,&quot;text_align&quot;:&quot;left&quot;},&quot;currentPage&quot;:&quot;1&quot;,&quot;totalPages&quot;:3,&quot;totalPosts&quot;:9,&quot;postCount&quot;:4}\" >\n\t\t\n  \n    <div class=\"row large-columns-1 medium-columns-1 small-columns-1\" >\n  <div class=\"col post-item\" >\n\t\t\t<div class=\"col-inner\">\n\t\t\t\t<div class=\"box box-vertical box-text-bottom box-blog-post has-hover\">\n            \t\t\t\t\t<div class=\"box-image\" style=\"border-radius:5%;width:32%;\">\n  \t\t\t\t\t\t<div class=\"image-cover\" style=\"padding-top:56%;\">\n\t\t\t\t\t\t\t<a href=\"https:\/\/decabaturisme.com\/es\/secretaria-tecnica-proyecto-riunatur-diputacion-girona\/\" class=\"plain\" aria-label=\"Secretar\u00eda t\u00e9cnica proyecto Riunatur \u2013 Diputaci\u00f3n de Girona\">\n\t\t\t\t\t\t\t\t<img loading=\"lazy\" decoding=\"async\" width=\"500\" height=\"300\" src=\"https:\/\/decabaturisme.com\/wp-content\/uploads\/2024\/10\/logo-diputacio-girona500x300.jpg\" class=\"attachment-medium size-medium wp-post-image\" alt=\"Logo Diputaci\u00f3 de Girona\" \/>\t\t\t\t\t\t\t<\/a>\n  \t\t\t\t\t\t\t  \t\t\t\t\t\t\t  \t\t\t\t\t\t<\/div>\n  \t\t\t\t\t\t  \t\t\t\t\t<\/div>\n          \t\t\t\t\t<div class=\"box-text text-left\" >\n\t\t\t\t\t<div class=\"box-text-inner blog-post-inner\">\n\n\t\t\t\t\t\n\t\t\t\t\t\t\t\t\t\t<h5 class=\"post-title is-large uppercase\">\n\t\t\t\t\t\t<a href=\"https:\/\/decabaturisme.com\/es\/secretaria-tecnica-proyecto-riunatur-diputacion-girona\/\" class=\"plain\">Secretar\u00eda t\u00e9cnica proyecto Riunatur \u2013 Diputaci\u00f3n de Girona<\/a>\n\t\t\t\t\t<\/h5>\n\t\t\t\t\t<div class=\"post-meta is-small op-8\">octubre 2024<\/div>\t\t\t\t\t<div class=\"is-divider\"><\/div>\n\t\t\t\t\t\t\t\t\t\t<p class=\"from_the_blog_excerpt show-on-hover hover-fade\">\n\t\t\t\t\t\tAcompa\u00f1amiento a la Diputaci\u00f3n de Girona para el desarrollo del proyecto Riunatur, que tiene por objetivo implementar una serie de actuaciones que deben permitir la conservaci\u00f3n de los valores naturales [...]\t\t\t\t\t<\/p>\n\t\t\t\t\t                    \n\t\t\t\t\t\n\t\t\t\t\t\n\t\t\t\t\t<\/div>\n\t\t\t\t\t<\/div>\n\t\t\t\t\t\t\t\t\t<\/div>\n\t\t\t<\/div>\n\t\t<\/div><div class=\"col post-item\" >\n\t\t\t<div class=\"col-inner\">\n\t\t\t\t<div class=\"box box-vertical box-text-bottom box-blog-post has-hover\">\n            \t\t\t\t\t<div class=\"box-image\" style=\"border-radius:5%;width:32%;\">\n  \t\t\t\t\t\t<div class=\"image-cover\" style=\"padding-top:56%;\">\n\t\t\t\t\t\t\t<a href=\"https:\/\/decabaturisme.com\/es\/asistencia-tecnica-gobernanza-terra-alta\/\" class=\"plain\" aria-label=\"Asistencia t\u00e9cnica para el impulso y acompa\u00f1amiento de la Gobernanza de la Terra Alta.\">\n\t\t\t\t\t\t\t\t<img loading=\"lazy\" decoding=\"async\" width=\"725\" height=\"400\" src=\"https:\/\/decabaturisme.com\/wp-content\/uploads\/2024\/07\/terra-alta-725x400.jpg\" class=\"attachment-medium size-medium wp-post-image\" alt=\"\" srcset=\"https:\/\/decabaturisme.com\/wp-content\/uploads\/2024\/07\/terra-alta-725x400.jpg 725w, https:\/\/decabaturisme.com\/wp-content\/uploads\/2024\/07\/terra-alta-768x424.jpg 768w, https:\/\/decabaturisme.com\/wp-content\/uploads\/2024\/07\/terra-alta-600x331.jpg 600w, https:\/\/decabaturisme.com\/wp-content\/uploads\/2024\/07\/terra-alta.jpg 854w\" sizes=\"(max-width: 725px) 100vw, 725px\" \/>\t\t\t\t\t\t\t<\/a>\n  \t\t\t\t\t\t\t  \t\t\t\t\t\t\t  \t\t\t\t\t\t<\/div>\n  \t\t\t\t\t\t  \t\t\t\t\t<\/div>\n          \t\t\t\t\t<div class=\"box-text text-left\" >\n\t\t\t\t\t<div class=\"box-text-inner blog-post-inner\">\n\n\t\t\t\t\t\n\t\t\t\t\t\t\t\t\t\t<h5 class=\"post-title is-large uppercase\">\n\t\t\t\t\t\t<a href=\"https:\/\/decabaturisme.com\/es\/asistencia-tecnica-gobernanza-terra-alta\/\" class=\"plain\">Asistencia t\u00e9cnica para el impulso y acompa\u00f1amiento de la Gobernanza de la Terra Alta.<\/a>\n\t\t\t\t\t<\/h5>\n\t\t\t\t\t<div class=\"post-meta is-small op-8\">julio 2024<\/div>\t\t\t\t\t<div class=\"is-divider\"><\/div>\n\t\t\t\t\t\t\t\t\t\t<p class=\"from_the_blog_excerpt show-on-hover hover-fade\">\n\t\t\t\t\t\tApoyo al Consejo Comarcal de Terra Alta para dar continuidad al proceso de concertaci\u00f3n Territorial de la comarca.\t\t\t\t\t<\/p>\n\t\t\t\t\t                    \n\t\t\t\t\t\n\t\t\t\t\t\n\t\t\t\t\t<\/div>\n\t\t\t\t\t<\/div>\n\t\t\t\t\t\t\t\t\t<\/div>\n\t\t\t<\/div>\n\t\t<\/div><div class=\"col post-item\" >\n\t\t\t<div class=\"col-inner\">\n\t\t\t\t<div class=\"box box-vertical box-text-bottom box-blog-post has-hover\">\n            \t\t\t\t\t<div class=\"box-image\" style=\"border-radius:5%;width:32%;\">\n  \t\t\t\t\t\t<div class=\"image-cover\" style=\"padding-top:56%;\">\n\t\t\t\t\t\t\t<a href=\"https:\/\/decabaturisme.com\/es\/asistencia-tecnica-asociacion-turisme-montseny\/\" class=\"plain\" aria-label=\"Asistencia t\u00e9cnica a la Asociaci\u00f3n Turisme Montseny\">\n\t\t\t\t\t\t\t\t<img loading=\"lazy\" decoding=\"async\" width=\"500\" height=\"300\" src=\"https:\/\/decabaturisme.com\/wp-content\/uploads\/2023\/10\/logo-turisme-montseny500x300.jpg\" class=\"attachment-medium size-medium wp-post-image\" alt=\"Turisme Montseny\" \/>\t\t\t\t\t\t\t<\/a>\n  \t\t\t\t\t\t\t  \t\t\t\t\t\t\t  \t\t\t\t\t\t<\/div>\n  \t\t\t\t\t\t  \t\t\t\t\t<\/div>\n          \t\t\t\t\t<div class=\"box-text text-left\" >\n\t\t\t\t\t<div class=\"box-text-inner blog-post-inner\">\n\n\t\t\t\t\t\n\t\t\t\t\t\t\t\t\t\t<h5 class=\"post-title is-large uppercase\">\n\t\t\t\t\t\t<a href=\"https:\/\/decabaturisme.com\/es\/asistencia-tecnica-asociacion-turisme-montseny\/\" class=\"plain\">Asistencia t\u00e9cnica a la Asociaci\u00f3n Turisme Montseny<\/a>\n\t\t\t\t\t<\/h5>\n\t\t\t\t\t<div class=\"post-meta is-small op-8\">octubre 2023<\/div>\t\t\t\t\t<div class=\"is-divider\"><\/div>\n\t\t\t\t\t\t\t\t\t\t<p class=\"from_the_blog_excerpt show-on-hover hover-fade\">\n\t\t\t\t\t\tAcompa\u00f1amiento en las actuaciones de la Asociaci\u00f3n de empresarios Tur\u00edsticos del Montseny.\t\t\t\t\t<\/p>\n\t\t\t\t\t                    \n\t\t\t\t\t\n\t\t\t\t\t\n\t\t\t\t\t<\/div>\n\t\t\t\t\t<\/div>\n\t\t\t\t\t\t\t\t\t<\/div>\n\t\t\t<\/div>\n\t\t<\/div><div class=\"col post-item\" >\n\t\t\t<div class=\"col-inner\">\n\t\t\t\t<div class=\"box box-vertical box-text-bottom box-blog-post has-hover\">\n            \t\t\t\t\t<div class=\"box-image\" style=\"border-radius:5%;width:32%;\">\n  \t\t\t\t\t\t<div class=\"image-cover\" style=\"padding-top:56%;\">\n\t\t\t\t\t\t\t<a href=\"https:\/\/decabaturisme.com\/es\/asistencia-tecnica-asociacion-cami-oliba\/\" class=\"plain\" aria-label=\"Asistencia t\u00e9cnica a la Asociaci\u00f3n Cam\u00ed Oliba\">\n\t\t\t\t\t\t\t\t<img loading=\"lazy\" decoding=\"async\" width=\"531\" height=\"400\" src=\"https:\/\/decabaturisme.com\/wp-content\/uploads\/2023\/10\/Assistencia-Tecnica-Cami-Oliba-lowres-531x400.jpg\" class=\"attachment-medium size-medium wp-post-image\" alt=\"\" srcset=\"https:\/\/decabaturisme.com\/wp-content\/uploads\/2023\/10\/Assistencia-Tecnica-Cami-Oliba-lowres-531x400.jpg 531w, https:\/\/decabaturisme.com\/wp-content\/uploads\/2023\/10\/Assistencia-Tecnica-Cami-Oliba-lowres-600x452.jpg 600w, https:\/\/decabaturisme.com\/wp-content\/uploads\/2023\/10\/Assistencia-Tecnica-Cami-Oliba-lowres.jpg 640w\" sizes=\"(max-width: 531px) 100vw, 531px\" \/>\t\t\t\t\t\t\t<\/a>\n  \t\t\t\t\t\t\t  \t\t\t\t\t\t\t  \t\t\t\t\t\t<\/div>\n  \t\t\t\t\t\t  \t\t\t\t\t<\/div>\n          \t\t\t\t\t<div class=\"box-text text-left\" >\n\t\t\t\t\t<div class=\"box-text-inner blog-post-inner\">\n\n\t\t\t\t\t\n\t\t\t\t\t\t\t\t\t\t<h5 class=\"post-title is-large uppercase\">\n\t\t\t\t\t\t<a href=\"https:\/\/decabaturisme.com\/es\/asistencia-tecnica-asociacion-cami-oliba\/\" class=\"plain\">Asistencia t\u00e9cnica a la Asociaci\u00f3n Cam\u00ed Oliba<\/a>\n\t\t\t\t\t<\/h5>\n\t\t\t\t\t<div class=\"post-meta is-small op-8\">octubre 2023<\/div>\t\t\t\t\t<div class=\"is-divider\"><\/div>\n\t\t\t\t\t\t\t\t\t\t<p class=\"from_the_blog_excerpt show-on-hover hover-fade\">\n\t\t\t\t\t\tAcompa\u00f1amiento en el d\u00eda a d\u00eda de las actuaciones de la asociaci\u00f3n Cam\u00ed Oliba\t\t\t\t\t<\/p>\n\t\t\t\t\t                    \n\t\t\t\t\t\n\t\t\t\t\t\n\t\t\t\t\t<\/div>\n\t\t\t\t\t<\/div>\n\t\t\t\t\t\t\t\t\t<\/div>\n\t\t\t<\/div>\n\t\t<\/div><\/div>\t\t<div class=\"ux-relay__control ux-relay__control--bottom container pb-half text-center\">\n\t\t\t\t\t\t\t<button class=\"ux-relay__button ux-relay__load-more-button button primary mb-0\">\n\t\t\t\t\tVer m\u00e1s\t\t\t\t\t\t\t\t\t<\/button>\n\t\t\t\t\t\t<\/div>\n\t\t\t\t<\/div>\n\t\t\n\t\t<\/div>\n\n\t\t\n<style>\n#section_1820937794 {\n  padding-top: 30px;\n  padding-bottom: 30px;\n  background-color: rgb(247, 247, 247);\n}\n<\/style>\n\t<\/section>\n\t\n","protected":false},"excerpt":{"rendered":"","protected":false},"author":1,"featured_media":0,"parent":52409,"menu_order":3,"comment_status":"closed","ping_status":"closed","template":"","meta":{"footnotes":""},"class_list":["post-52414","page","type-page","status-publish","hentry"],"_links":{"self":[{"href":"https:\/\/decabaturisme.com\/es\/wp-json\/wp\/v2\/pages\/52414"}],"collection":[{"href":"https:\/\/decabaturisme.com\/es\/wp-json\/wp\/v2\/pages"}],"about":[{"href":"https:\/\/decabaturisme.com\/es\/wp-json\/wp\/v2\/types\/page"}],"author":[{"embeddable":true,"href":"https:\/\/decabaturisme.com\/es\/wp-json\/wp\/v2\/users\/1"}],"replies":[{"embeddable":true,"href":"https:\/\/decabaturisme.com\/es\/wp-json\/wp\/v2\/comments?post=52414"}],"version-history":[{"count":10,"href":"https:\/\/decabaturisme.com\/es\/wp-json\/wp\/v2\/pages\/52414\/revisions"}],"predecessor-version":[{"id":54318,"href":"https:\/\/decabaturisme.com\/es\/wp-json\/wp\/v2\/pages\/52414\/revisions\/54318"}],"up":[{"embeddable":true,"href":"https:\/\/decabaturisme.com\/es\/wp-json\/wp\/v2\/pages\/52409"}],"wp:attachment":[{"href":"https:\/\/decabaturisme.com\/es\/wp-json\/wp\/v2\/media?parent=52414"}],"curies":[{"name":"wp","href":"https:\/\/api.w.org\/{rel}","templated":true}]}}