{"id":54034,"date":"2024-11-06T13:14:31","date_gmt":"2024-11-06T13:14:31","guid":{"rendered":"https:\/\/decabaturisme.com\/nosaltres\/"},"modified":"2024-12-23T10:51:46","modified_gmt":"2024-12-23T10:51:46","slug":"decaba","status":"publish","type":"page","link":"https:\/\/decabaturisme.com\/es\/decaba\/","title":{"rendered":"Decaba"},"content":{"rendered":"\n\t<section class=\"section\" id=\"section_1311169542\">\n\t\t<div class=\"section-bg fill\" >\n\t\t\t\t\t\t\t\t\t\n\t\t\t\n\n\t\t<\/div>\n\n\t\t\n\t<div class=\"ux-shape-divider ux-shape-divider--bottom ux-shape-divider--style-curve-opacity ux-shape-divider--to-front\">\n\t\t<svg viewBox=\"0 0 1000 100\" xmlns=\"http:\/\/www.w3.org\/2000\/svg\" preserveAspectRatio=\"none\">\n\t\t<path class=\"ux-shape-fill\" opacity=\"0.15\" d=\"M0 14C0 14 88.64 17.48 300 50C560 90 814 77 1003 40L1015 68L1018 104H0V14Z\"\/>\n\t\t<path class=\"ux-shape-fill\" opacity=\"0.3\" d=\"M0 45C0 45 271 90.13 500 77C657 68 830 30 1015 14V100H0V45Z\"\/>\n\t\t<path class=\"ux-shape-fill\" d=\"M0 58C0 58 188.29 90 508 90C798 90 1002 55 1002 55V100H0V58Z\"\/>\n<\/svg>\n\t<\/div>\n\n\t\t<div class=\"section-content relative\">\n\t\t\t\n<div class=\"row align-center\"  id=\"row-1431457722\">\n\n\t<div id=\"col-1726827856\" class=\"col medium-8 small-12 large-8\"  data-animate=\"fadeInRight\">\n\t\t\t\t<div class=\"col-inner\"  >\n\t\t\t\n\t\t\t\n\t<div id=\"text-2688893932\" class=\"text\">\n\t\t\n<h2><span style=\"color: #a80a43;\">DECABA <\/span>Turismo<\/h2>\n\t\t\n<style>\n#text-2688893932 {\n  font-size: 1.5rem;\n}\n<\/style>\n\t<\/div>\n\t\n<div class=\"is-divider divider clearfix\" style=\"max-width:50px;background-color:rgb(168, 10, 67);\"><\/div>\n\t\t<\/div>\n\t\t\t\t\n<style>\n#col-1726827856 > .col-inner {\n  padding: 50px 0px 0px 20px;\n}\n@media (min-width:550px) {\n  #col-1726827856 > .col-inner {\n    padding: 50px 40px 0px 0px;\n  }\n}\n@media (min-width:850px) {\n  #col-1726827856 > .col-inner {\n    padding: 25px 40px 25px 0px;\n  }\n}\n<\/style>\n\t<\/div>\n\n\t\n\n\t<div id=\"col-1288925016\" class=\"col hide-for-small medium-4 small-12 large-4\"  >\n\t\t\t\t<div class=\"col-inner\"  >\n\t\t\t\n\t\t\t\n\t\t<\/div>\n\t\t\t\t\t<\/div>\n\n\t\n<\/div>\n<div class=\"row align-middle align-center\"  id=\"row-1247511484\">\n\n\t<div id=\"col-83110922\" class=\"col medium-8 small-12 large-8\"  >\n\t\t\t\t<div class=\"col-inner\"  data-parallax-fade=\"true\" data-parallax=\"2\">\n\t\t\t\n\t\t\t\n\t<div id=\"text-2975266627\" class=\"text\">\n\t\t\n<p style=\"text-align: justify;\">Somos una consultor\u00eda especializada en <em><span style=\"color: #a80a43;\"><strong>turismo y desarrollo local<\/strong><\/span><\/em>. Creemos en el turismo como motor de crecimiento econ\u00f3mico y mejora de la calidad de vida de las comunidades locales.<\/p>\n<p style=\"text-align: justify;\">Nuestro compromiso con la <em><b><span style=\"color: #a80a43;\">sostenibilidad<\/span><\/b><\/em> nos diferencia.<\/p>\n<p style=\"text-align: justify;\">Creemos firmemente que la transformaci\u00f3n del sector tur\u00edstico hacia modelos m\u00e1s sostenibles tiene un <em><span style=\"color: #a80a43;\"><strong>impacto positivo profundo<\/strong><\/span><\/em> en el futuro de los destinos.<\/p>\n\t\t\n<style>\n#text-2975266627 {\n  font-size: 1rem;\n}\n<\/style>\n\t<\/div>\n\t\n\t\t<\/div>\n\t\t\t\t\n<style>\n#col-83110922 > .col-inner {\n  padding: 0px 20px 0px 20px;\n}\n@media (min-width:550px) {\n  #col-83110922 > .col-inner {\n    padding: 0px 20px 150px 20px;\n  }\n}\n<\/style>\n\t<\/div>\n\n\t\n\n\t<div id=\"col-1796688518\" class=\"col medium-4 small-12 large-4\"  >\n\t\t\t\t<div class=\"col-inner text-center\"  >\n\t\t\t\n\t\t\t\n\t<div class=\"img has-hover x md-x lg-x y md-y lg-y\" id=\"image_716450778\">\n\t\t\t\t<div data-parallax-fade=\"true\" data-parallax=\"2\">\t\t<div data-animate=\"flipInY\">\t\t<div class=\"img-inner image-overlay-remove dark\" >\n\t\t\t<img loading=\"lazy\" decoding=\"async\" width=\"978\" height=\"800\" src=\"https:\/\/decabaturisme.com\/wp-content\/uploads\/2024\/10\/reunio-la-Morera-Montseny_reduida-lowres-978x800.jpg\" class=\"attachment-large size-large\" alt=\"Reuni\u00f3 La Morera\" srcset=\"https:\/\/decabaturisme.com\/wp-content\/uploads\/2024\/10\/reunio-la-Morera-Montseny_reduida-lowres-978x800.jpg 978w, https:\/\/decabaturisme.com\/wp-content\/uploads\/2024\/10\/reunio-la-Morera-Montseny_reduida-lowres-489x400.jpg 489w, https:\/\/decabaturisme.com\/wp-content\/uploads\/2024\/10\/reunio-la-Morera-Montseny_reduida-lowres-768x628.jpg 768w, https:\/\/decabaturisme.com\/wp-content\/uploads\/2024\/10\/reunio-la-Morera-Montseny_reduida-lowres.jpg 1512w\" sizes=\"(max-width: 978px) 100vw, 978px\" \/>\t\t\t\t\t\t\n\t\t\t\t\t<\/div>\n\t\t<\/div>\t\t<\/div>\t\t\t\t\n<style>\n#image_716450778 {\n  width: 90%;\n}\n<\/style>\n\t<\/div>\n\t\n\t\t<\/div>\n\t\t\t\t\n<style>\n#col-1796688518 > .col-inner {\n  padding: 0px 0px 150px 0px;\n}\n<\/style>\n\t<\/div>\n\n\t\n<\/div>\n\t\t<\/div>\n\n\t\t\n<style>\n#section_1311169542 {\n  padding-top: 30px;\n  padding-bottom: 30px;\n  min-height: 600px;\n  background-color: rgb(244, 244, 244);\n}\n#section_1311169542 .ux-shape-divider--bottom svg {\n  height: 150px;\n  --divider-width: 160%;\n}\n#section_1311169542 .ux-shape-divider--bottom .ux-shape-fill {\n  fill: rgb(195, 115, 133);\n}\n<\/style>\n\t<\/section>\n\t\n\n\t<section class=\"section imatge-fixa2\" id=\"section_1356170236\">\n\t\t<div class=\"section-bg fill\" >\n\t\t\t\t\t\t\t\t\t<div class=\"section-bg-overlay absolute fill\"><\/div>\n\t\t\t\n\n\t\t<\/div>\n\n\t\t\t<div class=\"ux-shape-divider ux-shape-divider--top ux-shape-divider--style-waves-opacity-3\">\n\t\t<svg viewBox=\"0 0 1000 300\" xmlns=\"http:\/\/www.w3.org\/2000\/svg\" preserveAspectRatio=\"none\">\n\t<path class=\"ux-shape-fill\" opacity=\"0.05\" d=\"M1014 264V386H206L34 300C34 300 344.42 277.16 436 221C542 156 590 160 704 209C811 255 899.11 214.94 979 346L1014 264Z\"\/>\n\t<path class=\"ux-shape-fill\" opacity=\"0.1\" d=\"M-302 55C-302 55 -66.73 263.25 50 214C178 160 283 116 353 141C445.68 174.1 534.28 256.19 588 249C692.9 235 764.52 75.94 855 131C940.61 183.09 1000 254 1000 254V328L-306 338L-302 55Z\"\/>\n\t<path class=\"ux-shape-fill\" opacity=\"0.15\" d=\"M-286 255C-286 255 -72 152 52 126C176 100 255 155 436 227C581.57 284.91 614.7 277.79 708 227C787 184 1009 3.0001 1093 164C1146 265.63 1031 293 1031 293L924 377L-288 389L-286 255Z\"\/>\n\t<path class=\"ux-shape-fill\" opacity=\"0.3\" d=\"M-24 69C-24 69 275.68 370.66 389 314C397 310 622 316 673 356C690.47 369.7 845 224 890 182C944.8 130.85 1018 92 1078 143C1154.12 207.7 1196 242 1196 242L1184 374L-28 386L-24 69Z\"\/>\n\t<path class=\"ux-shape-fill\" d=\"M-12 201C-12 201 58 284 182 258C306 232 342.29 221.23 456 264C565 305 640.82 288.36 721 249C776 222 837.5 191.31 935 253C984 284 1030 279 1030 279L1024 430L-12 440V201Z\"\/>\n<\/svg>\n\t<\/div>\n\n\n\t\t<div class=\"section-content relative\">\n\t\t\t\n<div class=\"row row-collapse row-full-width align-middle align-center\"  id=\"row-642762256\">\n\n\t<div id=\"col-341754686\" class=\"col medium-3 small-12 large-3\"  data-animate=\"fadeInUp\">\n\t\t\t\t<div class=\"col-inner text-center\"  data-parallax-fade=\"true\" data-parallax=\"2\">\n\t\t\t\n\t\t\t\n\t<div class=\"img has-hover x md-x lg-x y md-y lg-y\" id=\"image_1722297525\">\n\t\t\t\t\t\t\t\t<div class=\"img-inner image-grayscale dark\" >\n\t\t\t<img loading=\"lazy\" decoding=\"async\" width=\"640\" height=\"480\" src=\"https:\/\/decabaturisme.com\/wp-content\/uploads\/2024\/12\/argentona-lowres2.jpg\" class=\"attachment-large size-large\" alt=\"reuni\u00f3\" srcset=\"https:\/\/decabaturisme.com\/wp-content\/uploads\/2024\/12\/argentona-lowres2.jpg 640w, https:\/\/decabaturisme.com\/wp-content\/uploads\/2024\/12\/argentona-lowres2-533x400.jpg 533w\" sizes=\"(max-width: 640px) 100vw, 640px\" \/>\t\t\t\t\t\t\n\t\t\t\t\t<\/div>\n\t\t\t\t\t\t\t\t\n<style>\n#image_1722297525 {\n  width: 100%;\n}\n<\/style>\n\t<\/div>\n\t\n\t\t<\/div>\n\t\t\t\t\t<\/div>\n\n\t\n\n\t<div id=\"col-1283573078\" class=\"col medium-8 small-12 large-6 small-col-first\"  >\n\t\t\t\t<div class=\"col-inner text-left\"  >\n\t\t\t\n\t\t\t\n<div class=\"row row-collapse\"  id=\"row-812636672\">\n\n\t<div id=\"col-484346642\" class=\"col small-12 large-12\"  data-animate=\"fadeInRight\">\n\t\t\t\t<div class=\"col-inner\"  >\n\t\t\t\n\t\t\t\n\t<div id=\"text-3938832173\" class=\"text\">\n\t\t\n<h3>VISI\u00d3N <span style=\"color: #a80a43;\">MULTIDISCIPLINARIA<\/span><\/h3>\n\t\t\n<style>\n#text-3938832173 {\n  font-size: 1.35rem;\n  text-align: left;\n  color: rgb(0,0,0);\n}\n#text-3938832173 > * {\n  color: rgb(0,0,0);\n}\n@media (min-width:550px) {\n  #text-3938832173 {\n    font-size: 1.25rem;\n  }\n}\n<\/style>\n\t<\/div>\n\t\n<div class=\"is-divider divider clearfix\" style=\"max-width:50px;background-color:rgb(241, 23, 23);\"><\/div>\n\t\t<\/div>\n\t\t\t\t\t<\/div>\n\n\t\n<\/div>\n\t<div id=\"text-2650427742\" class=\"text\">\n\t\t\n<p style=\"text-align: justify;\">Combinamos la <span style=\"color: #a80a43;\"><strong>experiencia en turismo<\/strong><\/span>, <span style=\"color: #a80a43;\"><strong>gesti\u00f3n territorial<\/strong><\/span> y <span style=\"color: #a80a43;\"><strong>desarrollo de destinos<\/strong><\/span>, colaborando de manera permanente con <span style=\"color: #a80a43;\"><strong>profesionales de diferentes sectores<\/strong><\/span> para enriquecer nuestras soluciones.<\/p>\n\t\t\n<style>\n#text-2650427742 {\n  text-align: left;\n  color: rgb(0,0,0);\n}\n#text-2650427742 > * {\n  color: rgb(0,0,0);\n}\n<\/style>\n\t<\/div>\n\t\n\t\t<\/div>\n\t\t\t\t\n<style>\n#col-1283573078 > .col-inner {\n  padding: 0px 20px 0px 20px;\n}\n<\/style>\n\t<\/div>\n\n\t\n\n\t<div id=\"col-547929707\" class=\"col medium-8 small-12 large-6\"  >\n\t\t\t\t<div class=\"col-inner text-left\"  >\n\t\t\t\n\t\t\t\n<div class=\"row row-collapse\"  id=\"row-1302825697\">\n\n\t<div id=\"col-1383208327\" class=\"col small-12 large-12\"  data-animate=\"fadeInLeft\">\n\t\t\t\t<div class=\"col-inner\"  >\n\t\t\t\n\t\t\t\n\t<div id=\"text-2541562323\" class=\"text\">\n\t\t\n<h3>TURISMO <span style=\"color: #a80a43;\">ACTIVO y de NATURALEZA<\/span><\/h3>\n\t\t\n<style>\n#text-2541562323 {\n  font-size: 1.35rem;\n  text-align: left;\n  color: rgb(0,0,0);\n}\n#text-2541562323 > * {\n  color: rgb(0,0,0);\n}\n@media (min-width:550px) {\n  #text-2541562323 {\n    font-size: 1.25rem;\n  }\n}\n<\/style>\n\t<\/div>\n\t\n<div class=\"is-divider divider clearfix\" style=\"max-width:50px;background-color:rgb(241, 23, 23);\"><\/div>\n\t\t<\/div>\n\t\t\t\t\t<\/div>\n\n\t\n<\/div>\n\t<div id=\"text-1463194114\" class=\"text\">\n\t\t\n<p style=\"text-align: justify;\">Somos expertos en <span style=\"color: #a80a43;\"><strong>turismo activo y de naturaleza<\/strong><\/span>, pero tambi\u00e9n innovamos en segmentos como el MICE, el turismo deportivo y la enogastronom\u00eda. Nuestra misi\u00f3n es crear estrategias a medida que permitan a los destinos desarrollarse a trav\u00e9s de productos y experiencias adaptadas a sus caracter\u00edsticas \u00fanicas, posicion\u00e1ndolos en sus mercados potenciales.<\/p>\n\t\t\n<style>\n#text-1463194114 {\n  text-align: left;\n  color: rgb(0,0,0);\n}\n#text-1463194114 > * {\n  color: rgb(0,0,0);\n}\n<\/style>\n\t<\/div>\n\t\n\t\t<\/div>\n\t\t\t\t\n<style>\n#col-547929707 > .col-inner {\n  padding: 0px 20px 0px 20px;\n}\n<\/style>\n\t<\/div>\n\n\t\n\n\t<div id=\"col-191780350\" class=\"col medium-3 small-12 large-3\"  data-animate=\"fadeInUp\">\n\t\t\t\t<div class=\"col-inner text-center\"  data-parallax-fade=\"true\" data-parallax=\"2\">\n\t\t\t\n\t\t\t\n\t<div class=\"img has-hover x md-x lg-x y md-y lg-y\" id=\"image_1371394921\">\n\t\t\t\t\t\t\t\t<div class=\"img-inner image-grayscale dark\" >\n\t\t\t<img loading=\"lazy\" decoding=\"async\" width=\"640\" height=\"480\" src=\"https:\/\/decabaturisme.com\/wp-content\/uploads\/2024\/11\/bicis-x201.png\" class=\"attachment-large size-large\" alt=\"excursi\u00f3 en bici\" srcset=\"https:\/\/decabaturisme.com\/wp-content\/uploads\/2024\/11\/bicis-x201.png 640w, https:\/\/decabaturisme.com\/wp-content\/uploads\/2024\/11\/bicis-x201-533x400.png 533w, https:\/\/decabaturisme.com\/wp-content\/uploads\/2024\/11\/bicis-x201-600x450.png 600w\" sizes=\"(max-width: 640px) 100vw, 640px\" \/>\t\t\t\t\t\t\n\t\t\t\t\t<\/div>\n\t\t\t\t\t\t\t\t\n<style>\n#image_1371394921 {\n  width: 100%;\n}\n<\/style>\n\t<\/div>\n\t\n\t\t<\/div>\n\t\t\t\t\t<\/div>\n\n\t\n\n<style>\n#row-642762256 > .col > .col-inner {\n  background-color: rgba(255, 255, 255, 0.89);\n}\n<\/style>\n<\/div>\n<div class=\"row row-collapse row-full-width align-middle align-center\"  id=\"row-173370819\">\n\n\t<div id=\"col-121078587\" class=\"col medium-3 small-12 large-3\"  data-animate=\"fadeInUp\">\n\t\t\t\t<div class=\"col-inner text-center\"  data-parallax-fade=\"true\" data-parallax=\"2\">\n\t\t\t\n\t\t\t\n\t<div class=\"img has-hover x md-x lg-x y md-y lg-y\" id=\"image_579902\">\n\t\t\t\t\t\t\t\t<div class=\"img-inner image-grayscale dark\" >\n\t\t\t<img loading=\"lazy\" decoding=\"async\" width=\"640\" height=\"480\" src=\"https:\/\/decabaturisme.com\/wp-content\/uploads\/2024\/11\/visita-vinyes-x205.png\" class=\"attachment-large size-large\" alt=\"vinyes\" srcset=\"https:\/\/decabaturisme.com\/wp-content\/uploads\/2024\/11\/visita-vinyes-x205.png 640w, https:\/\/decabaturisme.com\/wp-content\/uploads\/2024\/11\/visita-vinyes-x205-533x400.png 533w, https:\/\/decabaturisme.com\/wp-content\/uploads\/2024\/11\/visita-vinyes-x205-600x450.png 600w\" sizes=\"(max-width: 640px) 100vw, 640px\" \/>\t\t\t\t\t\t\n\t\t\t\t\t<\/div>\n\t\t\t\t\t\t\t\t\n<style>\n#image_579902 {\n  width: 90%;\n}\n<\/style>\n\t<\/div>\n\t\n\t\t<\/div>\n\t\t\t\t\t<\/div>\n\n\t\n\n\t<div id=\"col-882379757\" class=\"col medium-8 small-12 large-6 small-col-first\"  >\n\t\t\t\t<div class=\"col-inner text-left\"  >\n\t\t\t\n\t\t\t\n<div class=\"row row-collapse\"  id=\"row-953110107\">\n\n\t<div id=\"col-1530162892\" class=\"col small-12 large-12\"  data-animate=\"fadeInRight\">\n\t\t\t\t<div class=\"col-inner\"  >\n\t\t\t\n\t\t\t\n\t<div id=\"text-3885005944\" class=\"text\">\n\t\t\n<h3>SOSTENIBILIDAD e <span style=\"color: #a80a43;\">INNOVACI\u00d3N<\/span><\/h3>\n\t\t\n<style>\n#text-3885005944 {\n  font-size: 1.35rem;\n  text-align: left;\n  color: rgb(0,0,0);\n}\n#text-3885005944 > * {\n  color: rgb(0,0,0);\n}\n@media (min-width:550px) {\n  #text-3885005944 {\n    font-size: 1.25rem;\n  }\n}\n<\/style>\n\t<\/div>\n\t\n<div class=\"is-divider divider clearfix\" style=\"max-width:50px;background-color:rgb(241, 23, 23);\"><\/div>\n\t\t<\/div>\n\t\t\t\t\t<\/div>\n\n\t\n\n<style>\n#row-953110107 > .col > .col-inner {\n  padding: 0px 0px 0px 0px;\n}\n<\/style>\n<\/div>\n\t<div id=\"text-2441636939\" class=\"text\">\n\t\t\n<p style=\"text-align: justify;\">Nuestro objetivo es ayudar a cualquier destino a integrar la <span style=\"color: #a80a43;\"><strong>sostenibilidad<\/strong><\/span> y la <span style=\"color: #a80a43;\"><strong>innovaci\u00f3n<\/strong><\/span> en su estrategia de futuro. En Decaba Turismo, creemos en un sector tur\u00edstico responsable, equilibrado y beneficioso para todos.<\/p>\n\t\t\n<style>\n#text-2441636939 {\n  text-align: left;\n  color: rgb(0,0,0);\n}\n#text-2441636939 > * {\n  color: rgb(0,0,0);\n}\n<\/style>\n\t<\/div>\n\t\n\t\t<\/div>\n\t\t\t\t\n<style>\n#col-882379757 > .col-inner {\n  padding: 0px 20px 0px 20px;\n}\n<\/style>\n\t<\/div>\n\n\t\n\n<style>\n#row-173370819 > .col > .col-inner {\n  background-color: rgba(255, 255, 255, 0.89);\n}\n<\/style>\n<\/div>\n\t\t<\/div>\n\n\t\t\n<style>\n#section_1356170236 {\n  padding-top: 150px;\n  padding-bottom: 150px;\n}\n#section_1356170236 .section-bg-overlay {\n  background-color: rgba(255, 255, 255, 0.5);\n}\n#section_1356170236 .ux-shape-divider--top svg {\n  height: 150px;\n  --divider-top-width: 214%;\n}\n#section_1356170236 .ux-shape-divider--top .ux-shape-fill {\n  fill: rgb(195, 115, 133);\n}\n<\/style>\n\t<\/section>\n\t\n","protected":false},"excerpt":{"rendered":"","protected":false},"author":1,"featured_media":0,"parent":0,"menu_order":0,"comment_status":"closed","ping_status":"closed","template":"","meta":{"footnotes":""},"class_list":["post-54034","page","type-page","status-publish","hentry"],"_links":{"self":[{"href":"https:\/\/decabaturisme.com\/es\/wp-json\/wp\/v2\/pages\/54034"}],"collection":[{"href":"https:\/\/decabaturisme.com\/es\/wp-json\/wp\/v2\/pages"}],"about":[{"href":"https:\/\/decabaturisme.com\/es\/wp-json\/wp\/v2\/types\/page"}],"author":[{"embeddable":true,"href":"https:\/\/decabaturisme.com\/es\/wp-json\/wp\/v2\/users\/1"}],"replies":[{"embeddable":true,"href":"https:\/\/decabaturisme.com\/es\/wp-json\/wp\/v2\/comments?post=54034"}],"version-history":[{"count":3,"href":"https:\/\/decabaturisme.com\/es\/wp-json\/wp\/v2\/pages\/54034\/revisions"}],"predecessor-version":[{"id":54314,"href":"https:\/\/decabaturisme.com\/es\/wp-json\/wp\/v2\/pages\/54034\/revisions\/54314"}],"wp:attachment":[{"href":"https:\/\/decabaturisme.com\/es\/wp-json\/wp\/v2\/media?parent=54034"}],"curies":[{"name":"wp","href":"https:\/\/api.w.org\/{rel}","templated":true}]}}