{"id":54053,"date":"2024-12-03T11:23:36","date_gmt":"2024-12-03T11:23:36","guid":{"rendered":"https:\/\/decabaturisme.com\/servicios\/projectes-sostenibilitat\/"},"modified":"2024-12-21T12:39:09","modified_gmt":"2024-12-21T12:39:09","slug":"proyectos-sostenibilidad","status":"publish","type":"page","link":"https:\/\/decabaturisme.com\/es\/servicios\/proyectos-sostenibilidad\/","title":{"rendered":"Proyectos de Sostenibilidad"},"content":{"rendered":"\n\t<section class=\"section\" id=\"section_1576585077\">\n\t\t<div class=\"section-bg fill\" >\n\t\t\t\t\t\t\t\t\t\n\t\t\t\n\n\t\t<\/div>\n\n\t\t\n\n\t\t<div class=\"section-content relative\">\n\t\t\t\n<div class=\"row align-center\"  id=\"row-331260909\">\n\n\t<div id=\"col-1109638794\" class=\"col small-12 large-12\"  >\n\t\t\t\t<div class=\"col-inner\"  >\n\t\t\t\n\t\t\t\n<div class=\"nav-wrapper\"><ul class=\"nav nav-uppercase nav-horizontal nav-size-xsmall nav-outline text-center nav-center\"><p class=\"lead shortcode-error text-center\">Sorry, no pages was found<\/p><\/ul><\/div>\n\t<div id=\"gap-913269395\" class=\"gap-element clearfix\" style=\"display:block; height:auto;\">\n\t\t\n<style>\n#gap-913269395 {\n  padding-top: 50px;\n}\n<\/style>\n\t<\/div>\n\t\n<h2>PROYECTOS DE SOSTENIBILIDAD<\/h2>\n<div class=\"is-divider divider clearfix\" style=\"max-width:50px;background-color:rgb(168, 10, 67);\"><\/div>\n\t\t<\/div>\n\t\t\t\t\t<\/div>\n\n\t\n\n\t<div id=\"col-1333489701\" class=\"col small-12 large-12\"  data-animate=\"fadeInRight\">\n\t\t\t\t<div class=\"col-inner\"  >\n\t\t\t\n\t\t\t\n<h3>Acompa\u00f1amiento en sostenibilidad<\/h3>\n\t\t<\/div>\n\t\t\t\t\t<\/div>\n\n\t\n<\/div>\n<div class=\"row align-middle align-center\"  id=\"row-437447848\">\n\n\t<div id=\"col-1660584120\" class=\"col medium-2 small-12 large-2\"  >\n\t\t\t\t<div class=\"col-inner\" style=\"background-color:rgb(255,255,255);\" >\n\t\t\t\n\t<div class=\"is-border\"\n\t\tstyle=\"border-width:2px 2px 2px 2px;\">\n\t<\/div>\n\t\t\t\n\t<div id=\"ux-lottie-3936632444\" class=\"ux-lottie\" >\n\t\t\t\t<lottie-player class=\"ux-lottie__player\" data-params=\"{&quot;src&quot;:&quot;https:\\\/\\\/decabaturisme.com\\\/wp-content\\\/uploads\\\/2024\\\/12\\\/eco1.json&quot;,&quot;loop&quot;:true,&quot;autoplay&quot;:false,&quot;controls&quot;:false,&quot;speed&quot;:&quot;1&quot;,&quot;direction&quot;:1,&quot;trigger&quot;:&quot;click&quot;,&quot;mouseout&quot;:&quot;&quot;,&quot;start&quot;:0,&quot;end&quot;:100,&quot;scrollActionType&quot;:&quot;seek&quot;,&quot;visibilityStart&quot;:0,&quot;visibilityEnd&quot;:100,&quot;id&quot;:&quot;ux-lottie-3936632444&quot;}\" ><\/lottie-player>\n\t\t\t\t\n<style>\n#ux-lottie-3936632444 {\n  width: 100%;\n  height: 125px;\n}\n<\/style>\n\t<\/div>\n\t\n\t\t<\/div>\n\t\t\t\t\t<\/div>\n\n\t\n\n\t<div id=\"col-1932122388\" class=\"col medium-9 small-12 large-9\"  data-animate=\"fadeInLeft\">\n\t\t\t\t<div class=\"col-inner\"  >\n\t\t\t\n\t\t\t\n<p style=\"text-align: justify;\">En <span style=\"color: #a80a43;\"><strong><em>DECABA Turismo<\/em><\/strong><\/span>, acompa\u00f1amos a empresas y administraciones en el camino hacia la sostenibilidad, ayud\u00e1ndolas a alcanzar sus objetivos con soluciones adaptadas y efectivas.<\/p>\n<p style=\"text-align: justify;\">Creemos que la <strong><span style=\"color: #a80a43;\">sostenibilidad<\/span> <\/strong>es un elemento imprescindible para el desarrollo tur\u00edstico futuro de los destinos y una tendencia indiscutible dentro de la industria tur\u00edstica actual.<\/p>\n\t\t<\/div>\n\t\t\t\t\t<\/div>\n\n\t\n\n\t<div id=\"col-572513878\" class=\"col medium-6 small-12 large-6\"  data-animate=\"fadeInUp\">\n\t\t\t\t<div class=\"col-inner\"  >\n\t\t\t\n\t\t\t\n<p style=\"text-align: justify;\">Para nosotros, el crecimiento de los destinos pasa por ser sostenibles en el sentido m\u00e1s amplio: garantizar la <strong><span style=\"color: #a80a43;\">preservaci\u00f3n de los recursos naturales, mantener la singularidad e identidad de los territorios, y asegurar la calidad de vida de sus residentes<\/span><\/strong>.<\/p>\n<p style=\"text-align: justify;\">Para alcanzar estos objetivos, desde <span style=\"color: #a80a43;\"><em><strong>DECABA Turismo<\/strong> <\/em><\/span>ofrecemos asesoramiento personalizado para abordar retos concretos y trabajamos de la mano con las organizaciones para cumplir con los est\u00e1ndares y requisitos de <strong><span style=\"color: #a80a43;\">sellos y certificaciones de sostenibilidad<\/span><\/strong>.<\/p>\n<p style=\"text-align: justify;\">Nuestro enfoque combina una visi\u00f3n estrat\u00e9gica con acciones pr\u00e1cticas para contribuir al <strong><span style=\"color: #a80a43;\">futuro sostenible del turismo<\/span><\/strong>.<\/p>\n\t\t<\/div>\n\t\t\t\t\t<\/div>\n\n\t\n\n\t<div id=\"col-1243864041\" class=\"col medium-5 small-12 large-5\"  >\n\t\t\t\t<div class=\"col-inner\"  >\n\t\t\t\n\t\t\t\n\t<div class=\"img has-hover img-berto-radius x md-x lg-x y md-y lg-y\" id=\"image_2123687614\">\n\t\t\t\t\t\t<div data-animate=\"flipInY\">\t\t<div class=\"img-inner image-grayscale box-shadow-3 dark\" >\n\t\t\t<img loading=\"lazy\" decoding=\"async\" width=\"640\" height=\"479\" src=\"https:\/\/decabaturisme.com\/wp-content\/uploads\/2023\/02\/vall-fosca-lores.jpg\" class=\"attachment-large size-large\" alt=\"Vall Fosca - telef\u00e8ric\" srcset=\"https:\/\/decabaturisme.com\/wp-content\/uploads\/2023\/02\/vall-fosca-lores.jpg 640w, https:\/\/decabaturisme.com\/wp-content\/uploads\/2023\/02\/vall-fosca-lores-534x400.jpg 534w, https:\/\/decabaturisme.com\/wp-content\/uploads\/2023\/02\/vall-fosca-lores-600x449.jpg 600w\" sizes=\"(max-width: 640px) 100vw, 640px\" \/>\t\t\t\t\t\t\n\t\t\t\t\t<\/div>\n\t\t<\/div>\t\t\t\t\t\t\n<style>\n#image_2123687614 {\n  width: 100%;\n}\n<\/style>\n\t<\/div>\n\t\n\t\t<\/div>\n\t\t\t\t\t<\/div>\n\n\t\n<\/div>\n<div class=\"row\"  id=\"row-1142180882\">\n\n\t<div id=\"col-2117211677\" class=\"col small-12 large-12\"  data-animate=\"fadeInRight\">\n\t\t\t\t<div class=\"col-inner\"  >\n\t\t\t\n\t\t\t\n<h2>Proyectos asociados<\/h2>\n<div class=\"is-divider divider clearfix\" style=\"max-width:50px;background-color:rgb(168, 10, 67);\"><\/div>\n\t\t<\/div>\n\t\t\t\t\t<\/div>\n\n\t\n\n<style>\n#row-1142180882 > .col > .col-inner {\n  padding: 50px 10px 0px 10px;\n}\n@media (min-width:850px) {\n  #row-1142180882 > .col > .col-inner {\n    padding: 50px 0px 0px 0px;\n  }\n}\n<\/style>\n<\/div>\n\t\t<div id=\"ux-relay-3382494880\" class=\"ux-relay ux-relay--load-more\" data-flatsome-relay=\"{&quot;postType&quot;:&quot;post&quot;,&quot;tag&quot;:&quot;blog_posts&quot;,&quot;atts&quot;:{&quot;style&quot;:&quot;vertical&quot;,&quot;type&quot;:&quot;row&quot;,&quot;columns&quot;:&quot;1&quot;,&quot;columns__md&quot;:&quot;1&quot;,&quot;relay&quot;:&quot;load-more&quot;,&quot;relay_control_result_count&quot;:&quot;0&quot;,&quot;cat&quot;:&quot;402&quot;,&quot;posts&quot;:&quot;4&quot;,&quot;title_style&quot;:&quot;uppercase&quot;,&quot;show_date&quot;:&quot;text&quot;,&quot;excerpt&quot;:&quot;fade&quot;,&quot;excerpt_length&quot;:&quot;30&quot;,&quot;image_width&quot;:&quot;32&quot;,&quot;image_radius&quot;:&quot;5&quot;,&quot;text_align&quot;:&quot;left&quot;},&quot;currentPage&quot;:&quot;1&quot;,&quot;totalPages&quot;:2,&quot;totalPosts&quot;:5,&quot;postCount&quot;:4}\" >\n\t\t\n  \n    <div class=\"row large-columns-1 medium-columns-1 small-columns-1\" >\n  <div class=\"col post-item\" >\n\t\t\t<div class=\"col-inner\">\n\t\t\t\t<div class=\"box box-vertical box-text-bottom box-blog-post has-hover\">\n            \t\t\t\t\t<div class=\"box-image\" style=\"border-radius:5%;width:32%;\">\n  \t\t\t\t\t\t<div class=\"image-cover\" style=\"padding-top:56%;\">\n\t\t\t\t\t\t\t<a href=\"https:\/\/decabaturisme.com\/es\/asistencia-tecnica-biosphere-barcelona\/\" class=\"plain\" aria-label=\"Asistencia t\u00e9cnica para la implementaci\u00f3n del Compromiso Biosphere en las Comarcas de Barcelona\">\n\t\t\t\t\t\t\t\t<img loading=\"lazy\" decoding=\"async\" width=\"640\" height=\"391\" src=\"https:\/\/decabaturisme.com\/wp-content\/uploads\/2024\/05\/biosphere.png\" class=\"attachment-medium size-medium wp-post-image\" alt=\"Biosphere\" srcset=\"https:\/\/decabaturisme.com\/wp-content\/uploads\/2024\/05\/biosphere.png 640w, https:\/\/decabaturisme.com\/wp-content\/uploads\/2024\/05\/biosphere-600x367.png 600w\" sizes=\"(max-width: 640px) 100vw, 640px\" \/>\t\t\t\t\t\t\t<\/a>\n  \t\t\t\t\t\t\t  \t\t\t\t\t\t\t  \t\t\t\t\t\t<\/div>\n  \t\t\t\t\t\t  \t\t\t\t\t<\/div>\n          \t\t\t\t\t<div class=\"box-text text-left\" >\n\t\t\t\t\t<div class=\"box-text-inner blog-post-inner\">\n\n\t\t\t\t\t\n\t\t\t\t\t\t\t\t\t\t<h5 class=\"post-title is-large uppercase\">\n\t\t\t\t\t\t<a href=\"https:\/\/decabaturisme.com\/es\/asistencia-tecnica-biosphere-barcelona\/\" class=\"plain\">Asistencia t\u00e9cnica para la implementaci\u00f3n del Compromiso Biosphere en las Comarcas de Barcelona<\/a>\n\t\t\t\t\t<\/h5>\n\t\t\t\t\t<div class=\"post-meta is-small op-8\">octubre 2023<\/div>\t\t\t\t\t<div class=\"is-divider\"><\/div>\n\t\t\t\t\t\t\t\t\t\t<p class=\"from_the_blog_excerpt show-on-hover hover-fade\">\n\t\t\t\t\t\tAsesoramiento y auditor\u00eda de las empresas de las comarcas de Barcelona para su acreditaci\u00f3n con el compromiso Biosphere.\t\t\t\t\t<\/p>\n\t\t\t\t\t                    \n\t\t\t\t\t\n\t\t\t\t\t\n\t\t\t\t\t<\/div>\n\t\t\t\t\t<\/div>\n\t\t\t\t\t\t\t\t\t<\/div>\n\t\t\t<\/div>\n\t\t<\/div><div class=\"col post-item\" >\n\t\t\t<div class=\"col-inner\">\n\t\t\t\t<div class=\"box box-vertical box-text-bottom box-blog-post has-hover\">\n            \t\t\t\t\t<div class=\"box-image\" style=\"border-radius:5%;width:32%;\">\n  \t\t\t\t\t\t<div class=\"image-cover\" style=\"padding-top:56%;\">\n\t\t\t\t\t\t\t<a href=\"https:\/\/decabaturisme.com\/es\/sesion-formacion-ods-empresas-turisticas-sicted\/\" class=\"plain\" aria-label=\"Sesi\u00f3n de formaci\u00f3n sobre ODS aplicado a las empresas y entidades tur\u00edsticas SICTED\">\n\t\t\t\t\t\t\t\t<img loading=\"lazy\" decoding=\"async\" width=\"500\" height=\"300\" src=\"https:\/\/decabaturisme.com\/wp-content\/uploads\/2023\/06\/sicted500x300.png\" class=\"attachment-medium size-medium wp-post-image\" alt=\"logo sicted\" \/>\t\t\t\t\t\t\t<\/a>\n  \t\t\t\t\t\t\t  \t\t\t\t\t\t\t  \t\t\t\t\t\t<\/div>\n  \t\t\t\t\t\t  \t\t\t\t\t<\/div>\n          \t\t\t\t\t<div class=\"box-text text-left\" >\n\t\t\t\t\t<div class=\"box-text-inner blog-post-inner\">\n\n\t\t\t\t\t\n\t\t\t\t\t\t\t\t\t\t<h5 class=\"post-title is-large uppercase\">\n\t\t\t\t\t\t<a href=\"https:\/\/decabaturisme.com\/es\/sesion-formacion-ods-empresas-turisticas-sicted\/\" class=\"plain\">Sesi\u00f3n de formaci\u00f3n sobre ODS aplicado a las empresas y entidades tur\u00edsticas SICTED<\/a>\n\t\t\t\t\t<\/h5>\n\t\t\t\t\t<div class=\"post-meta is-small op-8\">junio 2023<\/div>\t\t\t\t\t<div class=\"is-divider\"><\/div>\n\t\t\t\t\t\t\t\t\t\t<p class=\"from_the_blog_excerpt show-on-hover hover-fade\">\n\t\t\t\t\t\tJornada de formaci\u00f3n dirigida a las empresas adheridas a la certificaci\u00f3n de calidad tur\u00edstica del destino SICTED, en torno a los ODS y los compromisos en sostenibilidad.\t\t\t\t\t<\/p>\n\t\t\t\t\t                    \n\t\t\t\t\t\n\t\t\t\t\t\n\t\t\t\t\t<\/div>\n\t\t\t\t\t<\/div>\n\t\t\t\t\t\t\t\t\t<\/div>\n\t\t\t<\/div>\n\t\t<\/div><div class=\"col post-item\" >\n\t\t\t<div class=\"col-inner\">\n\t\t\t\t<div class=\"box box-vertical box-text-bottom box-blog-post has-hover\">\n            \t\t\t\t\t<div class=\"box-image\" style=\"border-radius:5%;width:32%;\">\n  \t\t\t\t\t\t<div class=\"image-cover\" style=\"padding-top:56%;\">\n\t\t\t\t\t\t\t<a href=\"https:\/\/decabaturisme.com\/es\/promocion-implantacion-compromisn-biosphere-viladecans\/\" class=\"plain\" aria-label=\"Promoci\u00f3n de la implantaci\u00f3n del compromiso Biosphere en Viladecans\">\n\t\t\t\t\t\t\t\t<img loading=\"lazy\" decoding=\"async\" width=\"640\" height=\"391\" src=\"https:\/\/decabaturisme.com\/wp-content\/uploads\/2024\/05\/biosphere.png\" class=\"attachment-medium size-medium wp-post-image\" alt=\"Biosphere\" srcset=\"https:\/\/decabaturisme.com\/wp-content\/uploads\/2024\/05\/biosphere.png 640w, https:\/\/decabaturisme.com\/wp-content\/uploads\/2024\/05\/biosphere-600x367.png 600w\" sizes=\"(max-width: 640px) 100vw, 640px\" \/>\t\t\t\t\t\t\t<\/a>\n  \t\t\t\t\t\t\t  \t\t\t\t\t\t\t  \t\t\t\t\t\t<\/div>\n  \t\t\t\t\t\t  \t\t\t\t\t<\/div>\n          \t\t\t\t\t<div class=\"box-text text-left\" >\n\t\t\t\t\t<div class=\"box-text-inner blog-post-inner\">\n\n\t\t\t\t\t\n\t\t\t\t\t\t\t\t\t\t<h5 class=\"post-title is-large uppercase\">\n\t\t\t\t\t\t<a href=\"https:\/\/decabaturisme.com\/es\/promocion-implantacion-compromisn-biosphere-viladecans\/\" class=\"plain\">Promoci\u00f3n de la implantaci\u00f3n del compromiso Biosphere en Viladecans<\/a>\n\t\t\t\t\t<\/h5>\n\t\t\t\t\t<div class=\"post-meta is-small op-8\">mayo 2023<\/div>\t\t\t\t\t<div class=\"is-divider\"><\/div>\n\t\t\t\t\t\t\t\t\t\t<p class=\"from_the_blog_excerpt show-on-hover hover-fade\">\n\t\t\t\t\t\tDise\u00f1o, producci\u00f3n e implementaci\u00f3n de una campa\u00f1a de comunicaci\u00f3n en Viladecans.\t\t\t\t\t<\/p>\n\t\t\t\t\t                    \n\t\t\t\t\t\n\t\t\t\t\t\n\t\t\t\t\t<\/div>\n\t\t\t\t\t<\/div>\n\t\t\t\t\t\t\t\t\t<\/div>\n\t\t\t<\/div>\n\t\t<\/div><div class=\"col post-item\" >\n\t\t\t<div class=\"col-inner\">\n\t\t\t\t<div class=\"box box-vertical box-text-bottom box-blog-post has-hover\">\n            \t\t\t\t\t<div class=\"box-image\" style=\"border-radius:5%;width:32%;\">\n  \t\t\t\t\t\t<div class=\"image-cover\" style=\"padding-top:56%;\">\n\t\t\t\t\t\t\t<a href=\"https:\/\/decabaturisme.com\/es\/mobilidad-turistica-sostenible-lleida\/\" class=\"plain\" aria-label=\"Mobilidad tur\u00edstica sostenible en Lleida\">\n\t\t\t\t\t\t\t\t<img loading=\"lazy\" decoding=\"async\" width=\"533\" height=\"400\" src=\"https:\/\/decabaturisme.com\/wp-content\/uploads\/2022\/01\/lleida-lowres-533x400.jpg\" class=\"attachment-medium size-medium wp-post-image\" alt=\"Catedral de Lleida\" srcset=\"https:\/\/decabaturisme.com\/wp-content\/uploads\/2022\/01\/lleida-lowres-533x400.jpg 533w, https:\/\/decabaturisme.com\/wp-content\/uploads\/2022\/01\/lleida-lowres.jpg 640w\" sizes=\"(max-width: 533px) 100vw, 533px\" \/>\t\t\t\t\t\t\t<\/a>\n  \t\t\t\t\t\t\t  \t\t\t\t\t\t\t  \t\t\t\t\t\t<\/div>\n  \t\t\t\t\t\t  \t\t\t\t\t<\/div>\n          \t\t\t\t\t<div class=\"box-text text-left\" >\n\t\t\t\t\t<div class=\"box-text-inner blog-post-inner\">\n\n\t\t\t\t\t\n\t\t\t\t\t\t\t\t\t\t<h5 class=\"post-title is-large uppercase\">\n\t\t\t\t\t\t<a href=\"https:\/\/decabaturisme.com\/es\/mobilidad-turistica-sostenible-lleida\/\" class=\"plain\">Mobilidad tur\u00edstica sostenible en Lleida<\/a>\n\t\t\t\t\t<\/h5>\n\t\t\t\t\t<div class=\"post-meta is-small op-8\">enero 2022<\/div>\t\t\t\t\t<div class=\"is-divider\"><\/div>\n\t\t\t\t\t\t\t\t\t\t<p class=\"from_the_blog_excerpt show-on-hover hover-fade\">\n\t\t\t\t\t\tEstudio de movilidad tur\u00edstica sostenible en la ciudad de Lleida.\t\t\t\t\t<\/p>\n\t\t\t\t\t                    \n\t\t\t\t\t\n\t\t\t\t\t\n\t\t\t\t\t<\/div>\n\t\t\t\t\t<\/div>\n\t\t\t\t\t\t\t\t\t<\/div>\n\t\t\t<\/div>\n\t\t<\/div><\/div>\t\t<div class=\"ux-relay__control ux-relay__control--bottom container pb-half text-center\">\n\t\t\t\t\t\t\t<button class=\"ux-relay__button ux-relay__load-more-button button primary mb-0\">\n\t\t\t\t\tVer m\u00e1s\t\t\t\t\t\t\t\t\t<\/button>\n\t\t\t\t\t\t<\/div>\n\t\t\t\t<\/div>\n\t\t\n\t\t<\/div>\n\n\t\t\n<style>\n#section_1576585077 {\n  padding-top: 30px;\n  padding-bottom: 30px;\n  background-color: rgb(247, 247, 247);\n}\n<\/style>\n\t<\/section>\n\t\n","protected":false},"excerpt":{"rendered":"","protected":false},"author":1,"featured_media":0,"parent":52409,"menu_order":2,"comment_status":"closed","ping_status":"closed","template":"","meta":{"footnotes":""},"class_list":["post-54053","page","type-page","status-publish","hentry"],"_links":{"self":[{"href":"https:\/\/decabaturisme.com\/es\/wp-json\/wp\/v2\/pages\/54053"}],"collection":[{"href":"https:\/\/decabaturisme.com\/es\/wp-json\/wp\/v2\/pages"}],"about":[{"href":"https:\/\/decabaturisme.com\/es\/wp-json\/wp\/v2\/types\/page"}],"author":[{"embeddable":true,"href":"https:\/\/decabaturisme.com\/es\/wp-json\/wp\/v2\/users\/1"}],"replies":[{"embeddable":true,"href":"https:\/\/decabaturisme.com\/es\/wp-json\/wp\/v2\/comments?post=54053"}],"version-history":[{"count":2,"href":"https:\/\/decabaturisme.com\/es\/wp-json\/wp\/v2\/pages\/54053\/revisions"}],"predecessor-version":[{"id":54185,"href":"https:\/\/decabaturisme.com\/es\/wp-json\/wp\/v2\/pages\/54053\/revisions\/54185"}],"up":[{"embeddable":true,"href":"https:\/\/decabaturisme.com\/es\/wp-json\/wp\/v2\/pages\/52409"}],"wp:attachment":[{"href":"https:\/\/decabaturisme.com\/es\/wp-json\/wp\/v2\/media?parent=54053"}],"curies":[{"name":"wp","href":"https:\/\/api.w.org\/{rel}","templated":true}]}}