{"id":54265,"date":"2024-12-21T17:57:40","date_gmt":"2024-12-21T17:57:40","guid":{"rendered":"https:\/\/decabaturisme.com\/?page_id=54265"},"modified":"2024-12-21T18:13:20","modified_gmt":"2024-12-21T18:13:20","slug":"accesibilidad","status":"publish","type":"page","link":"https:\/\/decabaturisme.com\/es\/accesibilidad\/","title":{"rendered":"Accesibilidad"},"content":{"rendered":"\n\t<section class=\"section\" id=\"section_837678354\">\n\t\t<div class=\"section-bg fill\" >\n\t\t\t\t\t\t\t\t\t\n\t\t\t\n\n\t\t<\/div>\n\n\t\t\n\n\t\t<div class=\"section-content relative\">\n\t\t\t\n<div class=\"row\"  id=\"row-246369539\">\n\n\t<div id=\"col-309319419\" class=\"col small-12 large-12\"  >\n\t\t\t\t<div class=\"col-inner\"  >\n\t\t\t\n\t\t\t\n<div class=\"cont\">\n<h1>Declaraci\u00f3n de accesibilidad<\/h1>\n<\/div>\n<p><strong><em>DEACABA TURISME<\/em><\/strong>\u00a0se ha comprometido a hacer accesible su sitio web de conformidad con Real Decreto 1112\/2018, de 7 de septiembre, sobre accesibilidad de los sitios web y aplicaciones para dispositivos m\u00f3viles del sector p\u00fablico.<\/p>\n<p>La presente declaraci\u00f3n de accesibilidad se aplica al sitio web https:\/\/decabaturisme.com\/ excluyendo los contenidos publicados que proceden de otros dominios.<\/p>\n<h2>Situaci\u00f3n de cumplimiento<\/h2>\n<p>Las tecnolog\u00edas web en las que se basa la conformidad de la accesibilidad del presente sitio son\u00a0<strong>HTML5<\/strong>\u00a0,\u00a0<strong>CSS<\/strong>\u00a0,\u00a0<strong>WAI-ARIA<\/strong>\u00a0,\u00a0<strong>DOM as\u00ed como OTRAS tecnolog\u00edas<\/strong>\u00a0de la plataforma\u00a0<strong>WordPress\u00a0<\/strong>(url:\u00a0<a href=\"https:\/\/wordpress.org\/\">https:\/\/wordpress.org).<\/a><\/p>\n<p>Con motivo de lo anterior, este sitio web es\u00a0<strong>PARCIALMENTE CONFORME<\/strong>\u00a0, siendo los aspectos de accesibilidad con los que es conforme la presente web los siguientes:<\/p>\n<ul>\n<li><strong>Requisitos web<br \/>\n<\/strong>9.1.1.1 Contenido no textual (Condicional)<br \/>\n9.1.2.1 Solo audio y solo v\u00eddeo (grabado)\u00a0 (Condicional)<br \/>\n9.1.2.2 Subt\u00edtulos (grabados) (Condicional)<br \/>\n9.1.2.3 Audiodescripci\u00f3n o Medio Alternativo (grabado) (Condicional)<br \/>\n9.1.2.5 Audiodescripci\u00f3n (grabada) (Condicional)<br \/>\n9.1.3.2 Secuencia significativa (Condicional)<br \/>\n9.1.3.3 Caracter\u00edsticas sensoriales (Condicional)<br \/>\n9.1.3.4 Orientaci\u00f3n (Condicional)<br \/>\n9.1.4.1 Uso del Color (Condicional)<br \/>\n9.1.4.2 Control del audio (Condicional)<br \/>\n9.1.4.3 Contraste (m\u00ednimo) (Condicional)<br \/>\n9.1.4.4 Cambio de tama\u00f1o del texto (Condicional)<br \/>\n9.1.4.5 Im\u00e1genes de texto (Condicional)<br \/>\n9.1.4.10 Reajuste del texto (Condicional)<br \/>\n9.1.4.11 Contraste no textual (Condicional)<br \/>\n9.1.4.12 Espaciado del texto (Condicional)<br \/>\n9.1.4.13 Contenido se\u00f1alado con el puntero o que tiene el foco (Condicional)<br \/>\n9.2.1.1 Teclado (Condicional)<br \/>\n9.2.1.2 Sin trampas para el foco del teclado (Condicional)<br \/>\n9.2.1.4\u00a0 Atajos del teclado (Condicional)<br \/>\n9.2.2.1 Tiempo ajustable (Condicional)<br \/>\n9.2.2.2 Poner en pausa, detener, ocultar (Condicional)<br \/>\n9.2.3.1 Umbral de tres destellos o menos (Condicional)<br \/>\n9.2.4.2 Titulado de p\u00e1ginas (Condicional)<br \/>\n9.2.4.3 Orden del foco (Condicional)<br \/>\n9.2.4.4 Prop\u00f3sito de los enlaces (en contexto) (Condicional)<br \/>\n9.2.4.5 M\u00faltiples v\u00edas (Condicional)<br \/>\n9.2.4.6 Encabezados y etiquetas (Condicional)<br \/>\n9.2.4.7 Foco visible (Condicional)<br \/>\n9.2.5.1 Gestos con el puntero (Condicional)<br \/>\n9.2.5.2 Cancelaci\u00f3n del puntero (Condicional)<br \/>\n9.2.5.3 Inclusi\u00f3n de la etiqueta en el nombre (Condicional)<br \/>\n9.2.5.4. Activaci\u00f3n mediante movimiento (Condicional)<br \/>\n9.3.1.1 Idioma de la p\u00e1gina (Condicional)<br \/>\n9.3.1.2 Idioma de las partes (Condicional)<br \/>\n9.3.2.1 Al recibir el foco (Condicional)<br \/>\n9.3.2.2 Al recibir entradas (Condicional)<br \/>\n9.3.2.3 Navegaci\u00f3n coherente (Condicional)<br \/>\n9.3.2.4 Identificaci\u00f3n coherente (Condicional)<br \/>\n9.3.3.1 Identificaci\u00f3n de errores (Condicional)<br \/>\n9.3.3.2 Etiquetas o instrucciones (Condicional)<br \/>\n9.3.3.3 Sugerencias ante errores (Condicional)<br \/>\n9.3.3.4 Prevenci\u00f3n de errores (legales, financieros, de datos) (Condicional)<br \/>\n9.4.1.1 Procesamiento (Condicional)<br \/>\n9.4.1.2 Nombre, funci\u00f3n, valor (Condicional)<br \/>\n9.4.1.3 Mensajes de estado (Condicional)<br \/>\n9.6 Requisitos de conformidad de las Pautas WCAG (Condicional)<\/li>\n<\/ul>\n<ul>\n<li><strong>Requisitos software<\/strong><br \/>\n11.7 Preferencias de usuario<br \/>\n11.8.1 Tecnolog\u00eda de gesti\u00f3n de contenidos (Condicional)<br \/>\n11.8.2 Creaci\u00f3n de contenidos accesibles (Condicional)<br \/>\n11.8.3 Preservaci\u00f3n de la informaci\u00f3n de accesibilidad durante las transformaciones (Condicional)<br \/>\n11.8.5 Plantillas (Condicional)<\/li>\n<\/ul>\n<ul>\n<li><strong>Requisitos de documentaci\u00f3n y Servicios de Apoyo<\/strong><br \/>\n12.1.1 Caracter\u00edsticas de accesibilidad y compatibilidad<br \/>\n12.1.2 Documentaci\u00f3n accesible<br \/>\n12.2.2 Informaci\u00f3n sobre las caracter\u00edsticas de accesibilidad y compatibilidad<br \/>\n12.2.4 Documentaci\u00f3n accesible<\/li>\n<\/ul>\n<h2><strong>Contenido no accesible<\/strong><\/h2>\n<p>Por el contrario, el contenido de los puntos que se recogen a continuaci\u00f3n no son accesibles por los siguientes motivos:<\/p>\n<ul>\n<li>9.1.3.1 Informaci\u00f3n y relaciones (Condicional)<br \/>\n<em>La informaci\u00f3n, estructura y relaciones comunicadas a trav\u00e9s de la presentaci\u00f3n pueden ser determinadas por software o est\u00e1n disponibles como texto<\/em>.<br \/>\n<a href=\"https:\/\/www.w3.org\/TR\/WCAG\/#info-and-relationships\"><em>https:\/\/www.w3.org\/TR\/WCAG\/#info-and-relationships<\/em><\/a><\/li>\n<\/ul>\n<ul>\n<li>9.1.3.5 Identificaci\u00f3n del prop\u00f3sito de la entrada (Condicional)<br \/>\n<em>El prop\u00f3sito de cada campo de entrada que recoge la informaci\u00f3n sobre el usuario puede ser determinado program\u00e1ticamente cuando:<\/em><br \/>\n<em>\u2013 El campo de entrada sirve a un prop\u00f3sito identificativo en los prop\u00f3sitos de entrada de los componentes de la interfaz de usuario, y<br \/>\n\u2013 El contenido se implementa usando tecnolog\u00edas con soporte para identificar el significado esperado de los datos de entrada en formularios.<\/em><br \/>\n<a href=\"https:\/\/www.w3.org\/TR\/WCAG\/#identify-input-purpose\"><em>https:\/\/www.w3.org\/TR\/WCAG\/#identify-input-purpose<\/em><\/a><\/li>\n<\/ul>\n<ul>\n<li>9.2.4.1 Evitar bloques (Condicional)<br \/>\n<em>Existe un mecanismo para evitar los bloques de contenido que se repiten en m\u00faltiples p\u00e1ginas web (Nivel A)<\/em><br \/>\n<a href=\"https:\/\/www.w3.org\/TR\/WCAG\/#bypass-blocks\"><em>https:\/\/www.w3.org\/TR\/WCAG\/#bypass-blocks<\/em><\/a><\/li>\n<\/ul>\n<ul>\n<li>11.8.4 Servicio de reparaci\u00f3n (Condicional)<br \/>\nSi la funcionalidad de verificaci\u00f3n de accesibilidad de una herramienta de autor puede detectar que el contenido de una p\u00e1gina web o documento electr\u00f3nico no cumple con los requisitos del cap\u00edtulo 9 o 10 respectivamente (es decir, el nivel AA de las WCAG 2.1) la herramienta de autor deber\u00e1 proporcionar sugerencias de reparaci\u00f3n. Esto no excluye la reparaci\u00f3n autom\u00e1tica y semi-automatizada, que es posible (y recomendada) para muchos tipos de problemas de accesibilidad del contenido.<\/li>\n<\/ul>\n<ul>\n<li>12.2.3 Comunicaci\u00f3n efectiva<br \/>\nEl servicio de soporte deber\u00e1 satisfacer las necesidades de las personas con discapacidad, bien directamente, bien a trav\u00e9s de un punto de referencia.<\/li>\n<\/ul>\n<h2>Preparaci\u00f3n de la presente declaraci\u00f3n de accesibilidad<\/h2>\n<p>La presente declaraci\u00f3n fue preparada el\u00a0<strong>05 de diciembre <\/strong><strong>de 2024<\/strong><\/p>\n<p>El m\u00e9todo empleado para preparar la declaraci\u00f3n ha sido mediante una autoevaluaci\u00f3n con recursos propios siguiendo la interpretaci\u00f3n de la gu\u00eda informativa proporcionada por las pautas WCAG 2.1 AA.<\/p>\n<p>\u00daltima revisi\u00f3n de la declaraci\u00f3n: <strong>05 de diciembre <\/strong><strong>de 2024<\/strong><\/p>\n<h2>Observaciones y datos de contacto<\/h2>\n<p>Si encuentra barreras de acceso o problemas con alguna p\u00e1gina o funci\u00f3n de este sitio web que pueda suponer un obst\u00e1culo para los visitantes que quieran acceder a \u00e9l, puede ponerse en contacto en cualquier momento a trav\u00e9s del\u00a0<a href=\"\/contacto\">formulario de contacto<\/a> de la p\u00e1gina o por email a <em><strong>info@decaba.com<\/strong><\/em><\/p>\n<p>En la solicitud de informaci\u00f3n accesible, se debe concretar, con toda claridad, los hechos, razones y petici\u00f3n que permitan constatar que se trata de una solicitud razonable y leg\u00edtima.<\/p>\n<p>Contenido opcional<\/p>\n<p>El sitio web est\u00e1 dise\u00f1ado con la t\u00e9cnica de dise\u00f1o responsive o adaptativo, con lo que se visualiza de forma \u00f3ptima desde ordenadores de escritorio a tablets y m\u00f3viles. A\u00fan as\u00ed, si desea cambiar el tama\u00f1o de letra del texto en los principales navegadores gr\u00e1ficos puede utilizar los siguientes men\u00fas:<\/p>\n<ul>\n<li>Internet Explorer, Mozilla y Firefox: Ver &gt; Tama\u00f1o del texto<\/li>\n<li>Opera: Ver &gt; Zoom<\/li>\n<li>Safari: Ver &gt; Hacer el texto m\u00e1s grande<\/li>\n<li>Chrome: Controla la p\u00e1gina actual &gt; Tama\u00f1o del texto<\/li>\n<li>Para modificar el tama\u00f1o de todo en la p\u00e1gina:\n<ul>\n<li>Ctrl + + para aumentarlo<\/li>\n<li>Ctrl + \u2013 para disminuirlo<\/li>\n<li>Ctrl + 0 restaura el tama\u00f1o original del texto<\/li>\n<\/ul>\n<\/li>\n<\/ul>\n\t\t<\/div>\n\t\t\t\t\t<\/div>\n\n\t\n<\/div>\n\t\t<\/div>\n\n\t\t\n<style>\n#section_837678354 {\n  padding-top: 30px;\n  padding-bottom: 30px;\n}\n<\/style>\n\t<\/section>\n\t\n","protected":false},"excerpt":{"rendered":"","protected":false},"author":1,"featured_media":0,"parent":0,"menu_order":0,"comment_status":"closed","ping_status":"closed","template":"","meta":{"footnotes":""},"class_list":["post-54265","page","type-page","status-publish","hentry"],"_links":{"self":[{"href":"https:\/\/decabaturisme.com\/es\/wp-json\/wp\/v2\/pages\/54265"}],"collection":[{"href":"https:\/\/decabaturisme.com\/es\/wp-json\/wp\/v2\/pages"}],"about":[{"href":"https:\/\/decabaturisme.com\/es\/wp-json\/wp\/v2\/types\/page"}],"author":[{"embeddable":true,"href":"https:\/\/decabaturisme.com\/es\/wp-json\/wp\/v2\/users\/1"}],"replies":[{"embeddable":true,"href":"https:\/\/decabaturisme.com\/es\/wp-json\/wp\/v2\/comments?post=54265"}],"version-history":[{"count":6,"href":"https:\/\/decabaturisme.com\/es\/wp-json\/wp\/v2\/pages\/54265\/revisions"}],"predecessor-version":[{"id":54284,"href":"https:\/\/decabaturisme.com\/es\/wp-json\/wp\/v2\/pages\/54265\/revisions\/54284"}],"wp:attachment":[{"href":"https:\/\/decabaturisme.com\/es\/wp-json\/wp\/v2\/media?parent=54265"}],"curies":[{"name":"wp","href":"https:\/\/api.w.org\/{rel}","templated":true}]}}