{"id":54274,"date":"2024-12-21T18:08:00","date_gmt":"2024-12-21T18:08:00","guid":{"rendered":"https:\/\/decabaturisme.com\/sitemap\/"},"modified":"2025-01-18T10:27:25","modified_gmt":"2025-01-18T10:27:25","slug":"mapa-web","status":"publish","type":"page","link":"https:\/\/decabaturisme.com\/es\/mapa-web\/","title":{"rendered":"Mapa web"},"content":{"rendered":"\n\t<section class=\"section\" id=\"section_1655620017\">\n\t\t<div class=\"section-bg fill\" >\n\t\t\t\t\t\t\t\t\t\n\t\t\t\n\n\t\t<\/div>\n\n\t\t\n\n\t\t<div class=\"section-content relative\">\n\t\t\t\n<div class=\"row\"  id=\"row-297980982\">\n\n\t<div id=\"col-799896922\" class=\"col small-12 large-12\"  >\n\t\t\t\t<div class=\"col-inner\"  >\n\t\t\t\n\t\t\t\n<div class=\"wsp-container\"><h2 class=\"wsp-pages-title\">P\u00e1ginas<\/h2>\n<ul class=\"wsp-pages-list\">\n<li class=\"page_item page-item-54265\"><a href=\"https:\/\/decabaturisme.com\/es\/accesibilidad\/\">Accesibilidad<\/a><\/li>\n<li class=\"page_item page-item-19357\"><a href=\"https:\/\/decabaturisme.com\/es\/aviso-legal\/\">Aviso Legal<\/a><\/li>\n<li class=\"page_item page-item-52405\"><a href=\"https:\/\/decabaturisme.com\/es\/clientes\/\">Clientes<\/a><\/li>\n<li class=\"page_item page-item-52406\"><a href=\"https:\/\/decabaturisme.com\/es\/contacto\/\">Contacto<\/a><\/li>\n<li class=\"page_item page-item-54034\"><a href=\"https:\/\/decabaturisme.com\/es\/decaba\/\">Decaba<\/a><\/li>\n<li class=\"page_item page-item-50584\"><a href=\"https:\/\/decabaturisme.com\/es\/\">Inicio<\/a><\/li>\n<li class=\"page_item page-item-54274\"><a href=\"https:\/\/decabaturisme.com\/es\/mapa-web\/\">Mapa web<\/a><\/li>\n<li class=\"page_item page-item-20119\"><a href=\"https:\/\/decabaturisme.com\/es\/cookies\/\">Pol\u00edtica de Cookies<\/a><\/li>\n<li class=\"page_item page-item-50501\"><a href=\"https:\/\/decabaturisme.com\/es\/privacidad\/\">Pol\u00edtica de Privacidad<\/a><\/li>\n<li class=\"page_item page-item-52408\"><a href=\"https:\/\/decabaturisme.com\/es\/proyectos\/\">Proyectos<\/a><\/li>\n<li class=\"page_item page-item-52409 page_item_has_children\"><a href=\"https:\/\/decabaturisme.com\/es\/servicios\/\">Servicios<\/a>\n<ul class='children'>\n\t<li class=\"page_item page-item-52413\"><a href=\"https:\/\/decabaturisme.com\/es\/servicios\/planificacion-estrategica\/\">Planificaci\u00f3n Estrat\u00e9gica<\/a><\/li>\n\t<li class=\"page_item page-item-54053\"><a href=\"https:\/\/decabaturisme.com\/es\/servicios\/proyectos-sostenibilidad\/\">Proyectos de Sostenibilidad<\/a><\/li>\n\t<li class=\"page_item page-item-52414\"><a href=\"https:\/\/decabaturisme.com\/es\/servicios\/secretarias-tecnicas\/\">Secretar\u00edas T\u00e9cnicas<\/a><\/li>\n\t<li class=\"page_item page-item-52410\"><a href=\"https:\/\/decabaturisme.com\/es\/servicios\/creacion-producto-turistico\/\">Creaci\u00f3n de producto tur\u00edstico<\/a><\/li>\n\t<li class=\"page_item page-item-52412\"><a href=\"https:\/\/decabaturisme.com\/es\/servicios\/estudios-mercado\/\">Estudios de mercado<\/a><\/li>\n\t<li class=\"page_item page-item-52411\"><a href=\"https:\/\/decabaturisme.com\/es\/servicios\/dinamizacion-formacion\/\">Dinamizaci\u00f3n y formaci\u00f3n<\/a><\/li>\n<\/ul>\n<\/li>\n<\/ul>\n<h2 class=\"wsp-posts-title\">Posts por categor\u00eda<\/h2>\n<ul class=\"wsp-posts-list\">\n\t<li><strong class=\"wsp-category-title\">Category: <a href=\"https:\/\/decabaturisme.com\/es\/categoria\/creacion-producto-turistico\/\">Creaci\u00f3n Producto Tur\u00edstico<\/a><\/strong>\n<ul class=\"wsp-posts-list\">\t\t<li class=\"wsp-post\"><a href=\"https:\/\/decabaturisme.com\/es\/creacion-manual-producto-cork-experience\/\">Creaci\u00f3n del Manual de Producto \u201cCork Experience\u201d<\/a><\/li>\n\t\t<li class=\"wsp-post\"><a href=\"https:\/\/decabaturisme.com\/es\/creacion-producto-turistico-palau-solita-plegamans\/\">Creaci\u00f3n de producto tur\u00edstico para el municipio de Palau Solit\u00e0 i Plegamans.<\/a><\/li>\n\t\t<li class=\"wsp-post\"><a href=\"https:\/\/decabaturisme.com\/es\/consolidacion-productos-turisticos-pallars-jussa-post-covid-19\/\">Consolidaci\u00f3n de productos tur\u00edsticos del Pallars Juss\u00e0 y adaptaci\u00f3n de la oferta como respuesta a las nuevas tendencias post Covid-19.<\/a><\/li>\n<\/ul><\/li>\n\t<li><strong class=\"wsp-category-title\">Category: <a href=\"https:\/\/decabaturisme.com\/es\/categoria\/dinamizacion-formacion\/\">Dinamizaci\u00f3n y Formaci\u00f3n<\/a><\/strong>\n<ul class=\"wsp-posts-list\">\t\t<li class=\"wsp-post\"><a href=\"https:\/\/decabaturisme.com\/es\/jornadas-cork-experience\/\">Jornadas Cork Experience<\/a><\/li>\n<\/ul><\/li>\n\t<li><strong class=\"wsp-category-title\">Category: <a href=\"https:\/\/decabaturisme.com\/es\/categoria\/estudios-mercado\/\">Estudios de Mercado<\/a><\/strong>\n<ul class=\"wsp-posts-list\">\t\t<li class=\"wsp-post\"><a href=\"https:\/\/decabaturisme.com\/es\/creacion-guia-urbana-palafrugell\/\">Creaci\u00f3n de la Gu\u00eda Urbana de Palafrugell<\/a><\/li>\n\t\t<li class=\"wsp-post\"><a href=\"https:\/\/decabaturisme.com\/es\/actualizacion-productos-turismo-sostenible-operadored-extranjeros-nacionales-pn-montgri-islas-medas-bajo-ter\/\">Actualizaci\u00f3n de los productos de turismo sostenible de operadores extranjeros y nacionales del PN del Montgr\u00ed, las Islas Medas y el Bajo Ter.<\/a><\/li>\n<\/ul><\/li>\n\t<li><strong class=\"wsp-category-title\">Category: <a href=\"https:\/\/decabaturisme.com\/es\/categoria\/planificacion-estrategica\/\">Planificaci\u00f3n Estrat\u00e9gica<\/a><\/strong>\n<ul class=\"wsp-posts-list\">\t\t<li class=\"wsp-post\"><a href=\"https:\/\/decabaturisme.com\/es\/plan-accion-turistica-pallars-sobira\/\">Plan de Acci\u00f3n Tur\u00edstica del Pallars Sobir\u00e0<\/a><\/li>\n\t\t<li class=\"wsp-post\"><a href=\"https:\/\/decabaturisme.com\/es\/plan-argentona\/\">Plan Estrat\u00e9gico de Argentona<\/a><\/li>\n\t\t<li class=\"wsp-post\"><a href=\"https:\/\/decabaturisme.com\/es\/plan-viladecans\/\">Plan Sectorial de Viladecans<\/a><\/li>\n\t\t<li class=\"wsp-post\"><a href=\"https:\/\/decabaturisme.com\/es\/plan-estrategico-castellet-gornal\/\">Plan Estrat\u00e9gico de Castellet i la Gornal<\/a><\/li>\n\t\t<li class=\"wsp-post\"><a href=\"https:\/\/decabaturisme.com\/es\/plan-desarrollo-local-turistico-santa-pau\/\">Plan de acci\u00f3n sectorial de desarrollo local y tur\u00edstico de Santa Pau<\/a><\/li>\n\t\t<li class=\"wsp-post\"><a href=\"https:\/\/decabaturisme.com\/es\/plan-desarrollo-local-consorci-gavarres\/\">Plan de Desarrollo Local del Consorci de les Gavarres<\/a><\/li>\n\t\t<li class=\"wsp-post\"><a href=\"https:\/\/decabaturisme.com\/es\/plan-masquefa\/\">Plan Local de Masquefa<\/a><\/li>\n\t\t<li class=\"wsp-post\"><a href=\"https:\/\/decabaturisme.com\/es\/plan-desarrollo-turistico-vall-fosca\/\">Plan de Desarrollo Tur\u00edstico de la Vall Fosca<\/a><\/li>\n\t\t<li class=\"wsp-post\"><a href=\"https:\/\/decabaturisme.com\/es\/plan-estrategico-turismo-arenys-de-mar\/\">Plan Estrat\u00e9gico de Turismo de Arenys de Mar<\/a><\/li>\n<\/ul><\/li>\n\t<li><strong class=\"wsp-category-title\">Category: <a href=\"https:\/\/decabaturisme.com\/es\/categoria\/proyectos-sostenibilidad\/\">Proyectos de Sostenibilidad<\/a><\/strong>\n<ul class=\"wsp-posts-list\">\t\t<li class=\"wsp-post\"><a href=\"https:\/\/decabaturisme.com\/es\/asistencia-tecnica-biosphere-barcelona\/\">Asistencia t\u00e9cnica para la implementaci\u00f3n del Compromiso Biosphere en las Comarcas de Barcelona<\/a><\/li>\n\t\t<li class=\"wsp-post\"><a href=\"https:\/\/decabaturisme.com\/es\/sesion-formacion-ods-empresas-turisticas-sicted\/\">Sesi\u00f3n de formaci\u00f3n sobre ODS aplicado a las empresas y entidades tur\u00edsticas SICTED<\/a><\/li>\n\t\t<li class=\"wsp-post\"><a href=\"https:\/\/decabaturisme.com\/es\/promocion-implantacion-compromisn-biosphere-viladecans\/\">Promoci\u00f3n de la implantaci\u00f3n del compromiso Biosphere en Viladecans<\/a><\/li>\n\t\t<li class=\"wsp-post\"><a href=\"https:\/\/decabaturisme.com\/es\/mobilidad-turistica-sostenible-lleida\/\">Mobilidad tur\u00edstica sostenible en Lleida<\/a><\/li>\n\t\t<li class=\"wsp-post\"><a href=\"https:\/\/decabaturisme.com\/es\/turismo-sostenible-taradell\/\">Turismo sostenible en Taradell<\/a><\/li>\n<\/ul><\/li>\n\t<li><strong class=\"wsp-category-title\">Category: <a href=\"https:\/\/decabaturisme.com\/es\/categoria\/secretarias-tecnicas\/\">Secretar\u00edas T\u00e9cnicas<\/a><\/strong>\n<ul class=\"wsp-posts-list\">\t\t<li class=\"wsp-post\"><a href=\"https:\/\/decabaturisme.com\/es\/secretaria-tecnica-proyecto-riunatur-diputacion-girona\/\">Secretar\u00eda t\u00e9cnica proyecto Riunatur \u2013 Diputaci\u00f3n de Girona<\/a><\/li>\n\t\t<li class=\"wsp-post\"><a href=\"https:\/\/decabaturisme.com\/es\/asistencia-tecnica-gobernanza-terra-alta\/\">Asistencia t\u00e9cnica para el impulso y acompa\u00f1amiento de la Gobernanza de la Terra Alta.<\/a><\/li>\n\t\t<li class=\"wsp-post\"><a href=\"https:\/\/decabaturisme.com\/es\/asistencia-tecnica-asociacion-turisme-montseny\/\">Asistencia t\u00e9cnica a la Asociaci\u00f3n Turisme Montseny<\/a><\/li>\n\t\t<li class=\"wsp-post\"><a href=\"https:\/\/decabaturisme.com\/es\/asistencia-tecnica-asociacion-cami-oliba\/\">Asistencia t\u00e9cnica a la Asociaci\u00f3n Cam\u00ed Oliba<\/a><\/li>\n\t\t<li class=\"wsp-post\"><a href=\"https:\/\/decabaturisme.com\/es\/asistencia-tecnica-red-retecork-experiencias-espana-next-generation\/\">Asistencia t\u00e9cnica a la Red Retecork para la convocatoria Experiencias Espa\u00f1a \u2013 Fondos Next Generation EU<\/a><\/li>\n\t\t<li class=\"wsp-post\"><a href=\"https:\/\/decabaturisme.com\/es\/ayuda-tecnica-proyecto-adecuacion-pabellon-deportivo-st-joan-abadesses\/\">Ayuda t\u00e9cnica para la redacci\u00f3n de la solicitud del proyecto de Adecuaci\u00f3n del pabell\u00f3n deportivo de Sant Joan de les Abadesses.<\/a><\/li>\n\t\t<li class=\"wsp-post\"><a href=\"https:\/\/decabaturisme.com\/es\/asistencia-tecnica-dinamizacion-edificio-abadia-senan\/\">Asistencia t\u00e9cnica para la dinamizaci\u00f3n del edificio de la abad\u00eda de Senan<\/a><\/li>\n\t\t<li class=\"wsp-post\"><a href=\"https:\/\/decabaturisme.com\/es\/asistencia-tecnica-redaccion-plan-sostenibilidad-turistica-consorcio-del-ter\/\">Asistencia t\u00e9cnica para la redacci\u00f3n de la solicitud del Plan de Sostenibilidad Tur\u00edstica del Consorcio del Ter.<\/a><\/li>\n\t\t<li class=\"wsp-post\"><a href=\"https:\/\/decabaturisme.com\/es\/asistencia-tecnica-proyecto-sostenibilidad-turistica-comarca-alt-emporda\/\">Asistencia t\u00e9cnica para la preparaci\u00f3n de un proyecto de Planes de Sostenibilidad Tur\u00edstica en Destinos para la comarca del Alt Empord\u00e0.<\/a><\/li>\n<\/ul><\/li>\n<\/ul>\n<h2 class=\"wsp-featured_items-title\">Portfolio<\/h2>\n<ul class=\"wsp-featured_items-list\">\n<li><a href=\"https:\/\/decabaturisme.com\/es\/destacado\/ayuntamiento-argentona\/\">Ayuntamiento de Argentona<\/a><\/li>\n<li><a href=\"https:\/\/decabaturisme.com\/es\/destacado\/ayuntamiento-torre-capdella\/\">Ayuntamiento de la Torre de Capdella<\/a><\/li>\n<li><a href=\"https:\/\/decabaturisme.com\/es\/destacado\/ayuntamiento-masquefa\/\">Ayuntamiento de Masquefa<\/a><\/li>\n<li><a href=\"https:\/\/decabaturisme.com\/es\/destacado\/ayuntamiento-palau-solita-plegamans\/\">Ayuntamiento de Palau Solit\u00e0 i Plegamans<\/a><\/li>\n<li><a href=\"https:\/\/decabaturisme.com\/es\/destacado\/ayuntamiento-santa-pau\/\">Ayuntamiento de Santa Pau<\/a><\/li>\n<li><a href=\"https:\/\/decabaturisme.com\/es\/destacado\/ayuntamiento-senan\/\">Ayuntamiento de Senan<\/a><\/li>\n<li><a href=\"https:\/\/decabaturisme.com\/es\/destacado\/ayuntamiento-sant-joan-abadesses\/\">Ayuntamiento de Sant Joan de les Abadesses<\/a><\/li>\n<li><a href=\"https:\/\/decabaturisme.com\/es\/destacado\/ayuntamiento-torroella-montgri\/\">Ayuntamiento de Torroella de Montgr\u00ed<\/a><\/li>\n<li><a href=\"https:\/\/decabaturisme.com\/es\/destacado\/ayuntamiento-viladecans\/\">Ayuntamiento de Viladecans<\/a><\/li>\n<li><a href=\"https:\/\/decabaturisme.com\/es\/destacado\/parque-natural-del-montgri-les-illes-medes-i-el-baix-ter\/\">Parque Natural del Montgr\u00ed, les Illes Medes i el Baix Ter<\/a><\/li>\n<li><a href=\"https:\/\/decabaturisme.com\/es\/destacado\/red-europea-territorios-corcheros-retecork\/\">Red Europea de Territorios Corcheros Retecork<\/a><\/li>\n<li><a href=\"https:\/\/decabaturisme.com\/es\/destacado\/ayuntamiento-arenys-de-mar\/\">Ayuntamiento Arenys de Mar<\/a><\/li>\n<li><a href=\"https:\/\/decabaturisme.com\/es\/destacado\/agencia-catalana-turisme\/\">Ag\u00e8ncia Catalana de Turisme<\/a><\/li>\n<li><a href=\"https:\/\/decabaturisme.com\/es\/destacado\/consell-comarcal-pallars-sobira\/\">Consell Comarcal del Pallars Sobir\u00e0<\/a><\/li>\n<li><a href=\"https:\/\/decabaturisme.com\/es\/destacado\/consell-comarcal-pallars-jussa\/\">Consell Comarcal del Pallars Juss\u00e0<\/a><\/li>\n<li><a href=\"https:\/\/decabaturisme.com\/es\/destacado\/asociacion-turisme-montseny\/\">Asociaci\u00f3n Turisme Montseny<\/a><\/li>\n<li><a href=\"https:\/\/decabaturisme.com\/es\/destacado\/diputacion-de-lleida\/\">Diputaci\u00f3n de Lleida<\/a><\/li>\n<li><a href=\"https:\/\/decabaturisme.com\/es\/destacado\/asociacion-cami-oliba\/\">Asociaci\u00f3n Cam\u00ed Oliba<\/a><\/li>\n<li><a href=\"https:\/\/decabaturisme.com\/es\/destacado\/diputacion-girona\/\">Diputaci\u00f3n de Girona<\/a><\/li>\n<li><a href=\"https:\/\/decabaturisme.com\/es\/destacado\/diputacion-barcelona\/\">Diputaci\u00f3n de Barcelona<\/a><\/li>\n<li><a href=\"https:\/\/decabaturisme.com\/es\/destacado\/generalitat-catalunya\/\">Generalitat de Catalunya<\/a><\/li>\n<\/ul>\n<h2 class=\"wsp-featured_item_categorys-title\">Portfolio Categories<\/h2>\n<ul class=\"wsp-featured_item_categorys-list\">\n<li><a href=\"https:\/\/decabaturisme.com\/es\/constructora\/ambito-estatal\/\">\u00c1mbito auton\u00f3mico o estatal<\/a><\/li>\n<li><a href=\"https:\/\/decabaturisme.com\/es\/constructora\/ambito-comarcal\/\">\u00c1mbito comarcal o supracomarcal<\/a><\/li>\n<li><a href=\"https:\/\/decabaturisme.com\/es\/constructora\/ambito-local\/\">\u00c1mbito local<\/a><\/li>\n<li><a href=\"https:\/\/decabaturisme.com\/es\/constructora\/asociaciones\/\">Asociaciones<\/a><\/li>\n<\/ul>\n<\/div>\n\t\t<\/div>\n\t\t\t\t\t<\/div>\n\n\t\n<\/div>\n\t\t<\/div>\n\n\t\t\n<style>\n#section_1655620017 {\n  padding-top: 30px;\n  padding-bottom: 30px;\n}\n<\/style>\n\t<\/section>\n\t\n","protected":false},"excerpt":{"rendered":"","protected":false},"author":1,"featured_media":0,"parent":0,"menu_order":0,"comment_status":"closed","ping_status":"closed","template":"","meta":{"footnotes":""},"class_list":["post-54274","page","type-page","status-publish","hentry"],"_links":{"self":[{"href":"https:\/\/decabaturisme.com\/es\/wp-json\/wp\/v2\/pages\/54274"}],"collection":[{"href":"https:\/\/decabaturisme.com\/es\/wp-json\/wp\/v2\/pages"}],"about":[{"href":"https:\/\/decabaturisme.com\/es\/wp-json\/wp\/v2\/types\/page"}],"author":[{"embeddable":true,"href":"https:\/\/decabaturisme.com\/es\/wp-json\/wp\/v2\/users\/1"}],"replies":[{"embeddable":true,"href":"https:\/\/decabaturisme.com\/es\/wp-json\/wp\/v2\/comments?post=54274"}],"version-history":[{"count":1,"href":"https:\/\/decabaturisme.com\/es\/wp-json\/wp\/v2\/pages\/54274\/revisions"}],"predecessor-version":[{"id":54340,"href":"https:\/\/decabaturisme.com\/es\/wp-json\/wp\/v2\/pages\/54274\/revisions\/54340"}],"wp:attachment":[{"href":"https:\/\/decabaturisme.com\/es\/wp-json\/wp\/v2\/media?parent=54274"}],"curies":[{"name":"wp","href":"https:\/\/api.w.org\/{rel}","templated":true}]}}